{"id":25903,"date":"2024-08-19T12:54:53","date_gmt":"2024-08-19T18:54:53","guid":{"rendered":"https:\/\/multisenal.com\/?page_id=25903"},"modified":"2026-01-20T09:10:04","modified_gmt":"2026-01-20T15:10:04","slug":"terms-and-conditions","status":"publish","type":"page","link":"https:\/\/multisenal.com\/en\/terms-and-conditions\/","title":{"rendered":"Terms and Conditions"},"content":{"rendered":"\t\t<div data-elementor-type=\"wp-page\" data-elementor-id=\"25903\" class=\"elementor elementor-25903\" data-elementor-post-type=\"page\">\n\t\t\t\t\t\t<section class=\"elementor-section elementor-top-section elementor-element elementor-element-c980254 elementor-section-boxed elementor-section-height-default elementor-section-height-default\" data-id=\"c980254\" data-element_type=\"section\">\n\t\t\t\t\t\t<div class=\"elementor-container elementor-column-gap-default\">\n\t\t\t\t\t<div class=\"elementor-column elementor-col-100 elementor-top-column elementor-element elementor-element-f9add95\" data-id=\"f9add95\" data-element_type=\"column\">\n\t\t\t<div class=\"elementor-widget-wrap elementor-element-populated\">\n\t\t\t\t\t\t<section class=\"elementor-section elementor-inner-section elementor-element elementor-element-e1426fa elementor-section-boxed elementor-section-height-default elementor-section-height-default\" data-id=\"e1426fa\" data-element_type=\"section\">\n\t\t\t\t\t\t<div class=\"elementor-container elementor-column-gap-default\">\n\t\t\t\t\t<div class=\"elementor-column elementor-col-100 elementor-inner-column elementor-element elementor-element-550b529\" data-id=\"550b529\" data-element_type=\"column\">\n\t\t\t<div class=\"elementor-widget-wrap elementor-element-populated\">\n\t\t\t\t\t\t<div class=\"elementor-element elementor-element-df8decd elementor-widget elementor-widget-heading\" data-id=\"df8decd\" data-element_type=\"widget\" data-widget_type=\"heading.default\">\n\t\t\t\t<div class=\"elementor-widget-container\">\n\t\t\t\t\t<h5 class=\"elementor-heading-title elementor-size-default\">READ OUR<\/h5>\t\t\t\t<\/div>\n\t\t\t\t<\/div>\n\t\t\t\t<div class=\"elementor-element elementor-element-3abfab6 elementor-widget__width-initial elementor-widget elementor-widget-heading\" data-id=\"3abfab6\" data-element_type=\"widget\" data-widget_type=\"heading.default\">\n\t\t\t\t<div class=\"elementor-widget-container\">\n\t\t\t\t\t<h2 class=\"elementor-heading-title elementor-size-default\">terms and conditions<br><br><br><br><br><br><br><br><br><br>of use<\/h2>\t\t\t\t<\/div>\n\t\t\t\t<\/div>\n\t\t\t\t\t<\/div>\n\t\t<\/div>\n\t\t\t\t\t<\/div>\n\t\t<\/section>\n\t\t\t\t\t<\/div>\n\t\t<\/div>\n\t\t\t\t\t<\/div>\n\t\t<\/section>\n\t\t<div class=\"elementor-element elementor-element-6881a2f e-flex e-con-boxed e-con e-parent\" data-id=\"6881a2f\" data-element_type=\"container\">\n\t\t\t\t\t<div class=\"e-con-inner\">\n\t\t\t\t<div class=\"elementor-element elementor-element-4940c3f elementor-widget elementor-widget-text-editor\" data-id=\"4940c3f\" data-element_type=\"widget\" data-widget_type=\"text-editor.default\">\n\t\t\t\t<div class=\"elementor-widget-container\">\n\t\t\t\t\t\t\t\t\t<p>Welcome to the website of Multise\u00f1al S.A. de C.V., (hereinafter as \u201cMultise\u00f1al\u201d). By accessing and using this website, you agree with the following Terms and Conditions of Use. If you do not agree with these Terms and Conditions of Use, you must discontinue use immediately.<\/p><p><strong>Use of the Website<\/strong><\/p><p>The content of this website is provided with informational purposes. By using our website, you agree not to use the site for any purpose that is unlawful or prohibited by these Terms and Conditions of use.<\/p><p><strong>Intellectual Property<\/strong><\/p><p>All the contents of our website, including but not limited to text, images, graphs, logos, software and any other material are property of Multise\u00f1al or third-party licensors and are protected by the copyright law and other laws intellectual property. The non authorized use of any content may violate such laws.<\/p><p><strong>Privacy<\/strong><\/p><p>By using this website, you agree for Multise\u00f1al to collect and process your personal data regarding to the established information in our <span style=\"text-decoration: underline;\"><a href=\"https:\/\/multisenal.com\/aviso-de-privacidad\/\" data-wplink-edit=\"true\"><span style=\"color: #0493b3; text-decoration: underline;\">Privacy Policy<\/span>.<\/a><\/span><\/p><p><strong>Links to Third Parties<\/strong><\/p><p>This website may contain links to third party websites, and these links are provided for your convenience only and do not imply Multise\u00f1al\u2019s endorsement or recommendation of the content of such sites. Multise\u00f1al is not responsible for the content or privacy practices of these sites.<\/p><p><strong>Modifications to the Terms and Conditions<\/strong><\/p><p>MultMultise\u00f1al reserves the right to modify these terms of use at any time. Modifications will become effective at the time they are posted on this website. Your continued use of the website after the posting of modifications constitutes your acceptance of the changes and modifications.<\/p><p><strong>Contact<\/strong><\/p><p>If you have any questions about these Terms, please contact us through email at: <a rel=\"noopener\">info@multisenal.com<\/a>, or by calling to the phone number +52 (55) 5399 8671, or by written communication to our tax domicile at Paseo de las Jacarandas #136, Santa Mar\u00eda Insurgentes, Cuauht\u00e9moc, Mexico City, M\u00e9xico, C.P. 06430.<\/p><p><strong>Multise\u00f1al, S.A. DE C.V.<\/strong><\/p>\t\t\t\t\t\t\t\t<\/div>\n\t\t\t\t<\/div>\n\t\t\t\t\t<\/div>\n\t\t\t\t<\/div>\n\t\t\t\t<\/div>\n\t\t","protected":false},"excerpt":{"rendered":"<p>READ OUR terms and conditions of use Welcome to the website of Multise\u00f1al S.A. de C.V., (hereinafter as \u201cMultise\u00f1al\u201d). By accessing and using this website, you agree with the following Terms and Conditions of Use. If you do not agree with these Terms and Conditions of Use, you must discontinue use immediately. Use of the [&hellip;]<\/p>\n","protected":false},"author":4,"featured_media":0,"parent":0,"menu_order":0,"comment_status":"closed","ping_status":"closed","template":"","meta":{"footnotes":""},"class_list":["post-25903","page","type-page","status-publish","hentry"],"yoast_head":"<!-- This site is optimized with the Yoast SEO Premium plugin v22.3 (Yoast SEO v22.4) - https:\/\/yoast.com\/wordpress\/plugins\/seo\/ -->\n<title>Terms and Conditions - Multisenal<\/title>\n<meta name=\"description\" content=\"Al acceder y utilizar este sitio web de Multise\u00f1al S.A. de C.V, usted acepta los siguientes T\u00e9rminos y Condiciones de Uso\" \/>\n<meta name=\"robots\" content=\"index, follow, max-snippet:-1, max-image-preview:large, max-video-preview:-1\" \/>\n<link rel=\"canonical\" href=\"https:\/\/multisenal.com\/en\/terms-and-conditions\/\" \/>\n<meta property=\"og:locale\" content=\"en_US\" \/>\n<meta property=\"og:type\" content=\"article\" \/>\n<meta property=\"og:title\" content=\"Terms and Conditions\" \/>\n<meta property=\"og:description\" content=\"Al acceder y utilizar este sitio web de Multise\u00f1al S.A. de C.V, usted acepta los siguientes T\u00e9rminos y Condiciones de Uso\" \/>\n<meta property=\"og:url\" content=\"https:\/\/multisenal.com\/en\/terms-and-conditions\/\" \/>\n<meta property=\"og:site_name\" content=\"Multisenal\" \/>\n<meta property=\"article:publisher\" content=\"https:\/\/www.facebook.com\/multisenal\/\" \/>\n<meta property=\"article:modified_time\" content=\"2026-01-20T15:10:04+00:00\" \/>\n<meta name=\"twitter:card\" content=\"summary_large_image\" \/>\n<meta name=\"twitter:site\" content=\"@multisenal\" \/>\n<meta name=\"twitter:label1\" content=\"Est. reading time\" \/>\n\t<meta name=\"twitter:data1\" content=\"2 minutes\" \/>\n<script type=\"application\/ld+json\" class=\"yoast-schema-graph\">{\"@context\":\"https:\/\/schema.org\",\"@graph\":[{\"@type\":\"WebPage\",\"@id\":\"https:\/\/multisenal.com\/en\/terms-and-conditions\/\",\"url\":\"https:\/\/multisenal.com\/en\/terms-and-conditions\/\",\"name\":\"Terms and Conditions - Multisenal\",\"isPartOf\":{\"@id\":\"https:\/\/lightsteelblue-wasp-630432.hostingersite.com\/#website\"},\"datePublished\":\"2024-08-19T18:54:53+00:00\",\"dateModified\":\"2026-01-20T15:10:04+00:00\",\"description\":\"Al acceder y utilizar este sitio web de Multise\u00f1al S.A. de C.V, usted acepta los siguientes T\u00e9rminos y Condiciones de Uso\",\"breadcrumb\":{\"@id\":\"https:\/\/multisenal.com\/en\/terms-and-conditions\/#breadcrumb\"},\"inLanguage\":\"en-US\",\"potentialAction\":[{\"@type\":\"ReadAction\",\"target\":[\"https:\/\/multisenal.com\/en\/terms-and-conditions\/\"]}]},{\"@type\":\"BreadcrumbList\",\"@id\":\"https:\/\/multisenal.com\/en\/terms-and-conditions\/#breadcrumb\",\"itemListElement\":[{\"@type\":\"ListItem\",\"position\":1,\"name\":\"Inicio\",\"item\":\"https:\/\/multisenal.com\/\"},{\"@type\":\"ListItem\",\"position\":2,\"name\":\"Terms and Conditions\"}]},{\"@type\":\"WebSite\",\"@id\":\"https:\/\/lightsteelblue-wasp-630432.hostingersite.com\/#website\",\"url\":\"https:\/\/lightsteelblue-wasp-630432.hostingersite.com\/\",\"name\":\"Multisenal\",\"description\":\"Fabricante L\u00edder en Seguridad Vial\",\"publisher\":{\"@id\":\"https:\/\/lightsteelblue-wasp-630432.hostingersite.com\/#organization\"},\"potentialAction\":[{\"@type\":\"SearchAction\",\"target\":{\"@type\":\"EntryPoint\",\"urlTemplate\":\"https:\/\/lightsteelblue-wasp-630432.hostingersite.com\/?s={search_term_string}\"},\"query-input\":\"required name=search_term_string\"}],\"inLanguage\":\"en-US\"},{\"@type\":\"Organization\",\"@id\":\"https:\/\/lightsteelblue-wasp-630432.hostingersite.com\/#organization\",\"name\":\"Multisenal\",\"url\":\"https:\/\/lightsteelblue-wasp-630432.hostingersite.com\/\",\"logo\":{\"@type\":\"ImageObject\",\"inLanguage\":\"en-US\",\"@id\":\"https:\/\/lightsteelblue-wasp-630432.hostingersite.com\/#\/schema\/logo\/image\/\",\"url\":\"https:\/\/multisenal.com\/wp-content\/uploads\/2023\/10\/Logo-Multisenal-Blanco.webp\",\"contentUrl\":\"https:\/\/multisenal.com\/wp-content\/uploads\/2023\/10\/Logo-Multisenal-Blanco.webp\",\"width\":1024,\"height\":293,\"caption\":\"Multisenal\"},\"image\":{\"@id\":\"https:\/\/lightsteelblue-wasp-630432.hostingersite.com\/#\/schema\/logo\/image\/\"},\"sameAs\":[\"https:\/\/www.facebook.com\/multisenal\/\",\"https:\/\/twitter.com\/multisenal\",\"https:\/\/www.instagram.com\/multisenalmx\/\",\"https:\/\/www.youtube.com\/@multisenaloficial\",\"https:\/\/www.linkedin.com\/company\/multisenalmexico\/\"]}]}<\/script>\n<!-- \/ Yoast SEO Premium plugin. -->","yoast_head_json":{"title":"Terms and Conditions - Multisenal","description":"Al acceder y utilizar este sitio web de Multise\u00f1al S.A. de C.V, usted acepta los siguientes T\u00e9rminos y Condiciones de Uso","robots":{"index":"index","follow":"follow","max-snippet":"max-snippet:-1","max-image-preview":"max-image-preview:large","max-video-preview":"max-video-preview:-1"},"canonical":"https:\/\/multisenal.com\/en\/terms-and-conditions\/","og_locale":"en_US","og_type":"article","og_title":"Terms and Conditions","og_description":"Al acceder y utilizar este sitio web de Multise\u00f1al S.A. de C.V, usted acepta los siguientes T\u00e9rminos y Condiciones de Uso","og_url":"https:\/\/multisenal.com\/en\/terms-and-conditions\/","og_site_name":"Multisenal","article_publisher":"https:\/\/www.facebook.com\/multisenal\/","article_modified_time":"2026-01-20T15:10:04+00:00","twitter_card":"summary_large_image","twitter_site":"@multisenal","twitter_misc":{"Est. reading time":"2 minutes"},"schema":{"@context":"https:\/\/schema.org","@graph":[{"@type":"WebPage","@id":"https:\/\/multisenal.com\/en\/terms-and-conditions\/","url":"https:\/\/multisenal.com\/en\/terms-and-conditions\/","name":"Terms and Conditions - Multisenal","isPartOf":{"@id":"https:\/\/lightsteelblue-wasp-630432.hostingersite.com\/#website"},"datePublished":"2024-08-19T18:54:53+00:00","dateModified":"2026-01-20T15:10:04+00:00","description":"Al acceder y utilizar este sitio web de Multise\u00f1al S.A. de C.V, usted acepta los siguientes T\u00e9rminos y Condiciones de Uso","breadcrumb":{"@id":"https:\/\/multisenal.com\/en\/terms-and-conditions\/#breadcrumb"},"inLanguage":"en-US","potentialAction":[{"@type":"ReadAction","target":["https:\/\/multisenal.com\/en\/terms-and-conditions\/"]}]},{"@type":"BreadcrumbList","@id":"https:\/\/multisenal.com\/en\/terms-and-conditions\/#breadcrumb","itemListElement":[{"@type":"ListItem","position":1,"name":"Inicio","item":"https:\/\/multisenal.com\/"},{"@type":"ListItem","position":2,"name":"Terms and Conditions"}]},{"@type":"WebSite","@id":"https:\/\/lightsteelblue-wasp-630432.hostingersite.com\/#website","url":"https:\/\/lightsteelblue-wasp-630432.hostingersite.com\/","name":"Multisenal","description":"Fabricante L\u00edder en Seguridad Vial","publisher":{"@id":"https:\/\/lightsteelblue-wasp-630432.hostingersite.com\/#organization"},"potentialAction":[{"@type":"SearchAction","target":{"@type":"EntryPoint","urlTemplate":"https:\/\/lightsteelblue-wasp-630432.hostingersite.com\/?s={search_term_string}"},"query-input":"required name=search_term_string"}],"inLanguage":"en-US"},{"@type":"Organization","@id":"https:\/\/lightsteelblue-wasp-630432.hostingersite.com\/#organization","name":"Multisenal","url":"https:\/\/lightsteelblue-wasp-630432.hostingersite.com\/","logo":{"@type":"ImageObject","inLanguage":"en-US","@id":"https:\/\/lightsteelblue-wasp-630432.hostingersite.com\/#\/schema\/logo\/image\/","url":"https:\/\/multisenal.com\/wp-content\/uploads\/2023\/10\/Logo-Multisenal-Blanco.webp","contentUrl":"https:\/\/multisenal.com\/wp-content\/uploads\/2023\/10\/Logo-Multisenal-Blanco.webp","width":1024,"height":293,"caption":"Multisenal"},"image":{"@id":"https:\/\/lightsteelblue-wasp-630432.hostingersite.com\/#\/schema\/logo\/image\/"},"sameAs":["https:\/\/www.facebook.com\/multisenal\/","https:\/\/twitter.com\/multisenal","https:\/\/www.instagram.com\/multisenalmx\/","https:\/\/www.youtube.com\/@multisenaloficial","https:\/\/www.linkedin.com\/company\/multisenalmexico\/"]}]}},"_links":{"self":[{"href":"https:\/\/multisenal.com\/en\/wp-json\/wp\/v2\/pages\/25903","targetHints":{"allow":["GET"]}}],"collection":[{"href":"https:\/\/multisenal.com\/en\/wp-json\/wp\/v2\/pages"}],"about":[{"href":"https:\/\/multisenal.com\/en\/wp-json\/wp\/v2\/types\/page"}],"author":[{"embeddable":true,"href":"https:\/\/multisenal.com\/en\/wp-json\/wp\/v2\/users\/4"}],"replies":[{"embeddable":true,"href":"https:\/\/multisenal.com\/en\/wp-json\/wp\/v2\/comments?post=25903"}],"version-history":[{"count":10,"href":"https:\/\/multisenal.com\/en\/wp-json\/wp\/v2\/pages\/25903\/revisions"}],"predecessor-version":[{"id":38170,"href":"https:\/\/multisenal.com\/en\/wp-json\/wp\/v2\/pages\/25903\/revisions\/38170"}],"wp:attachment":[{"href":"https:\/\/multisenal.com\/en\/wp-json\/wp\/v2\/media?parent=25903"}],"curies":[{"name":"wp","href":"https:\/\/api.w.org\/{rel}","templated":true}]}}