{"id":26018,"date":"2024-08-28T10:56:25","date_gmt":"2024-08-28T16:56:25","guid":{"rendered":"https:\/\/multisenal.com\/?page_id=26018"},"modified":"2026-01-20T08:45:51","modified_gmt":"2026-01-20T14:45:51","slug":"privacy-notice","status":"publish","type":"page","link":"https:\/\/multisenal.com\/en\/privacy-notice\/","title":{"rendered":"Privacy Notice"},"content":{"rendered":"\t\t<div data-elementor-type=\"wp-page\" data-elementor-id=\"26018\" class=\"elementor elementor-26018\" data-elementor-post-type=\"page\">\n\t\t\t\t\t\t<section class=\"elementor-section elementor-top-section elementor-element elementor-element-45151b4 elementor-section-boxed elementor-section-height-default elementor-section-height-default\" data-id=\"45151b4\" data-element_type=\"section\">\n\t\t\t\t\t\t<div class=\"elementor-container elementor-column-gap-default\">\n\t\t\t\t\t<div class=\"elementor-column elementor-col-100 elementor-top-column elementor-element elementor-element-b180551\" data-id=\"b180551\" data-element_type=\"column\">\n\t\t\t<div class=\"elementor-widget-wrap elementor-element-populated\">\n\t\t\t\t\t\t<section class=\"elementor-section elementor-inner-section elementor-element elementor-element-ecb1323 elementor-section-boxed elementor-section-height-default elementor-section-height-default\" data-id=\"ecb1323\" data-element_type=\"section\">\n\t\t\t\t\t\t<div class=\"elementor-container elementor-column-gap-default\">\n\t\t\t\t\t<div class=\"elementor-column elementor-col-100 elementor-inner-column elementor-element elementor-element-062cceb\" data-id=\"062cceb\" data-element_type=\"column\">\n\t\t\t<div class=\"elementor-widget-wrap elementor-element-populated\">\n\t\t\t\t\t\t<div class=\"elementor-element elementor-element-5b41636 elementor-widget elementor-widget-heading\" data-id=\"5b41636\" data-element_type=\"widget\" data-widget_type=\"heading.default\">\n\t\t\t\t<div class=\"elementor-widget-container\">\n\t\t\t\t\t<h5 class=\"elementor-heading-title elementor-size-default\">READ OUR<\/h5>\t\t\t\t<\/div>\n\t\t\t\t<\/div>\n\t\t\t\t<div class=\"elementor-element elementor-element-ad1e1fe elementor-widget__width-initial elementor-widget elementor-widget-heading\" data-id=\"ad1e1fe\" data-element_type=\"widget\" data-widget_type=\"heading.default\">\n\t\t\t\t<div class=\"elementor-widget-container\">\n\t\t\t\t\t<h2 class=\"elementor-heading-title elementor-size-default\">Privacy Notice\n<\/h2>\t\t\t\t<\/div>\n\t\t\t\t<\/div>\n\t\t\t\t\t<\/div>\n\t\t<\/div>\n\t\t\t\t\t<\/div>\n\t\t<\/section>\n\t\t\t\t\t<\/div>\n\t\t<\/div>\n\t\t\t\t\t<\/div>\n\t\t<\/section>\n\t\t<div class=\"elementor-element elementor-element-94ea936 e-flex e-con-boxed e-con e-parent\" data-id=\"94ea936\" data-element_type=\"container\">\n\t\t\t\t\t<div class=\"e-con-inner\">\n\t\t\t\t<div class=\"elementor-element elementor-element-136b76a elementor-widget elementor-widget-text-editor\" data-id=\"136b76a\" data-element_type=\"widget\" data-widget_type=\"text-editor.default\">\n\t\t\t\t<div class=\"elementor-widget-container\">\n\t\t\t\t\t\t\t\t\t<p>This privacy notice is issued in accordance with the Federal Law for the Protection of Personal Data in the Possession of Private Parties, hereinafter as the \u201cLaw\u201d and its purpose is inform users about privacy notice and personal data management by Multise\u00f1al, S.A. DE C.V. hereinafter as \u201cMultise\u00f1al\u201d.<\/p><ol><li><strong>Responsible of Personal Data<\/strong><\/li><\/ol><p>Multise\u00f1al with domicile at Paseo de las Jacarandas #136, Santa Mar\u00eda Insurgentes, Cuauht\u00e9moc, Mexico City, M\u00e9xico, C.P. 06430, is the responsible of your personal data.<\/p><ol start=\"2\"><li><strong>Personal Data Collected<\/strong><\/li><\/ol><p>Multise\u00f1al may collect and process the following personal data:<\/p><ul><li>Full name:<\/li><li>Email Address:<\/li><li>Phone Number:<\/li><\/ul><ol start=\"3\"><li><strong>Purposes of Personal Data Processing<\/strong><\/li><\/ol><p>The personal data collected by Multise\u00f1al will be used for the following purposes:<\/p><ul><li style=\"font-weight: 400;\" aria-level=\"1\">Provide information about the offered products by Multise\u00f1al.<\/li><li style=\"font-weight: 400;\" aria-level=\"1\">Attend to queries, requests or requirements performed by users.<\/li><li style=\"font-weight: 400;\" aria-level=\"1\">Send promotional communicates and advertising about products and services of Multise\u00f1al.<\/li><\/ul><ol start=\"4\"><li><strong>Revocation of the Authorization for the Processing of the User\u2019s Personal Data <\/strong><\/li><\/ol><p><span style=\"font-weight: 400;\">Users may contact Multise\u00f1al at any time, to revoke the consent they have given us for the processing of their personal data. By sending an email to <\/span><span style=\"color: #303e7a;\"><strong><span style=\"text-decoration: underline;\">info@multisenal.com<\/span><\/strong><\/span><span style=\"font-weight: 400;\"> addressed to Mar\u00eda de los Angeles Gonz\u00e1lez Cer\u00f3n or by calling to +52 (55) 5399 8671.<\/span><\/p><ol start=\"5\"><li><strong>Data Transfer and Privacy Commitment<\/strong><\/li><\/ol><p>At Multise\u00f1al, we strive to provide you with quality and customized service. In order to achieve this, we may share your data with our affiliated companies and third-party service providers who operate on our behalf. This transfer is for the sole purpose of improving the care we provide to you.<\/p><p><span style=\"font-weight: 400;\">It\u2019s important to note that, should it be necessary to transfer your data to our affiliated companies, they will take all necessary measures to ensure the continued protection of your personal information. If you would like more details about these safety measures, please do not hesitate to contact us via email at: <\/span><span style=\"text-decoration: underline;\"><span style=\"color: #303e7a;\"><strong><a style=\"color: #303e7a; text-decoration: underline;\" href=\"mailto:info@multisenal.com\">info@multisenal.com<\/a><\/strong><\/span><\/span><\/p><ol start=\"6\"><li><strong>Security of your Personal Data<\/strong><\/li><\/ol><p><span style=\"font-weight: 400;\">Multise\u00f1al implements physical, technical and administrative safety measures to protect the personal data against any non-authorized damage, loss, alteration, destruction, use, access or processing.<br \/><\/span><\/p><ol start=\"7\"><li><strong>Changes to this Privacy Notice<\/strong><\/li><\/ol><p>Multise\u00f1al reserves the right to make changes or updates to this privacy notice at any time, which will be made public through our Multise\u00f1al\u2019s website.<\/p><p><b>Contact:<\/b><\/p><p><span style=\"font-weight: 400;\">For any question or comment regarding this privacy notice, users can contact multise\u00f1al through email at <\/span><strong><span style=\"color: #303e7a;\"><a style=\"color: #303e7a;\" href=\"mailto:info@multisenal.com\"><span style=\"text-decoration: underline;\">info@multisenal.com<\/span><\/a><\/span><\/strong><span style=\"font-weight: 400;\"> , or by calling to the phone number +52 (55) 5399 8671, or by written communication to our tax domicile.<br \/><\/span><\/p><p><span style=\"font-weight: 400;\">Date of Last Update: December 2023.<\/span><\/p><p><b>Multise\u00f1al, S.A. DE C.V.<\/b><\/p>\t\t\t\t\t\t\t\t<\/div>\n\t\t\t\t<\/div>\n\t\t\t\t\t<\/div>\n\t\t\t\t<\/div>\n\t\t\t\t<\/div>\n\t\t","protected":false},"excerpt":{"rendered":"<p>READ OUR Privacy Notice This privacy notice is issued in accordance with the Federal Law for the Protection of Personal Data in the Possession of Private Parties, hereinafter as the \u201cLaw\u201d and its purpose is inform users about privacy notice and personal data management by Multise\u00f1al, S.A. DE C.V. hereinafter as \u201cMultise\u00f1al\u201d. Responsible of Personal [&hellip;]<\/p>\n","protected":false},"author":4,"featured_media":0,"parent":0,"menu_order":0,"comment_status":"closed","ping_status":"closed","template":"","meta":{"footnotes":""},"class_list":["post-26018","page","type-page","status-publish","hentry"],"yoast_head":"<!-- This site is optimized with the Yoast SEO Premium plugin v22.3 (Yoast SEO v22.4) - https:\/\/yoast.com\/wordpress\/plugins\/seo\/ -->\n<title>Privacy Notice - Multisenal<\/title>\n<meta name=\"robots\" content=\"index, follow, max-snippet:-1, max-image-preview:large, max-video-preview:-1\" \/>\n<link rel=\"canonical\" href=\"https:\/\/multisenal.com\/en\/privacy-notice\/\" \/>\n<meta property=\"og:locale\" content=\"en_US\" \/>\n<meta property=\"og:type\" content=\"article\" \/>\n<meta property=\"og:title\" content=\"Privacy Notice\" \/>\n<meta property=\"og:description\" content=\"READ OUR Privacy Notice This privacy notice is issued in accordance with the Federal Law for the Protection of Personal Data in the Possession of Private Parties, hereinafter as the \u201cLaw\u201d and its purpose is inform users about privacy notice and personal data management by Multise\u00f1al, S.A. DE C.V. hereinafter as \u201cMultise\u00f1al\u201d. Responsible of Personal [&hellip;]\" \/>\n<meta property=\"og:url\" content=\"https:\/\/multisenal.com\/en\/privacy-notice\/\" \/>\n<meta property=\"og:site_name\" content=\"Multisenal\" \/>\n<meta property=\"article:publisher\" content=\"https:\/\/www.facebook.com\/multisenal\/\" \/>\n<meta property=\"article:modified_time\" content=\"2026-01-20T14:45:51+00:00\" \/>\n<meta name=\"twitter:card\" content=\"summary_large_image\" \/>\n<meta name=\"twitter:site\" content=\"@multisenal\" \/>\n<meta name=\"twitter:label1\" content=\"Est. reading time\" \/>\n\t<meta name=\"twitter:data1\" content=\"2 minutes\" \/>\n<script type=\"application\/ld+json\" class=\"yoast-schema-graph\">{\"@context\":\"https:\/\/schema.org\",\"@graph\":[{\"@type\":\"WebPage\",\"@id\":\"https:\/\/multisenal.com\/en\/privacy-notice\/\",\"url\":\"https:\/\/multisenal.com\/en\/privacy-notice\/\",\"name\":\"Privacy Notice - Multisenal\",\"isPartOf\":{\"@id\":\"https:\/\/lightsteelblue-wasp-630432.hostingersite.com\/#website\"},\"datePublished\":\"2024-08-28T16:56:25+00:00\",\"dateModified\":\"2026-01-20T14:45:51+00:00\",\"breadcrumb\":{\"@id\":\"https:\/\/multisenal.com\/en\/privacy-notice\/#breadcrumb\"},\"inLanguage\":\"en-US\",\"potentialAction\":[{\"@type\":\"ReadAction\",\"target\":[\"https:\/\/multisenal.com\/en\/privacy-notice\/\"]}]},{\"@type\":\"BreadcrumbList\",\"@id\":\"https:\/\/multisenal.com\/en\/privacy-notice\/#breadcrumb\",\"itemListElement\":[{\"@type\":\"ListItem\",\"position\":1,\"name\":\"Inicio\",\"item\":\"https:\/\/multisenal.com\/\"},{\"@type\":\"ListItem\",\"position\":2,\"name\":\"Privacy Notice\"}]},{\"@type\":\"WebSite\",\"@id\":\"https:\/\/lightsteelblue-wasp-630432.hostingersite.com\/#website\",\"url\":\"https:\/\/lightsteelblue-wasp-630432.hostingersite.com\/\",\"name\":\"Multisenal\",\"description\":\"Fabricante L\u00edder en Seguridad Vial\",\"publisher\":{\"@id\":\"https:\/\/lightsteelblue-wasp-630432.hostingersite.com\/#organization\"},\"potentialAction\":[{\"@type\":\"SearchAction\",\"target\":{\"@type\":\"EntryPoint\",\"urlTemplate\":\"https:\/\/lightsteelblue-wasp-630432.hostingersite.com\/?s={search_term_string}\"},\"query-input\":\"required name=search_term_string\"}],\"inLanguage\":\"en-US\"},{\"@type\":\"Organization\",\"@id\":\"https:\/\/lightsteelblue-wasp-630432.hostingersite.com\/#organization\",\"name\":\"Multisenal\",\"url\":\"https:\/\/lightsteelblue-wasp-630432.hostingersite.com\/\",\"logo\":{\"@type\":\"ImageObject\",\"inLanguage\":\"en-US\",\"@id\":\"https:\/\/lightsteelblue-wasp-630432.hostingersite.com\/#\/schema\/logo\/image\/\",\"url\":\"https:\/\/multisenal.com\/wp-content\/uploads\/2023\/10\/Logo-Multisenal-Blanco.webp\",\"contentUrl\":\"https:\/\/multisenal.com\/wp-content\/uploads\/2023\/10\/Logo-Multisenal-Blanco.webp\",\"width\":1024,\"height\":293,\"caption\":\"Multisenal\"},\"image\":{\"@id\":\"https:\/\/lightsteelblue-wasp-630432.hostingersite.com\/#\/schema\/logo\/image\/\"},\"sameAs\":[\"https:\/\/www.facebook.com\/multisenal\/\",\"https:\/\/twitter.com\/multisenal\",\"https:\/\/www.instagram.com\/multisenalmx\/\",\"https:\/\/www.youtube.com\/@multisenaloficial\",\"https:\/\/www.linkedin.com\/company\/multisenalmexico\/\"]}]}<\/script>\n<!-- \/ Yoast SEO Premium plugin. -->","yoast_head_json":{"title":"Privacy Notice - Multisenal","robots":{"index":"index","follow":"follow","max-snippet":"max-snippet:-1","max-image-preview":"max-image-preview:large","max-video-preview":"max-video-preview:-1"},"canonical":"https:\/\/multisenal.com\/en\/privacy-notice\/","og_locale":"en_US","og_type":"article","og_title":"Privacy Notice","og_description":"READ OUR Privacy Notice This privacy notice is issued in accordance with the Federal Law for the Protection of Personal Data in the Possession of Private Parties, hereinafter as the \u201cLaw\u201d and its purpose is inform users about privacy notice and personal data management by Multise\u00f1al, S.A. DE C.V. hereinafter as \u201cMultise\u00f1al\u201d. Responsible of Personal [&hellip;]","og_url":"https:\/\/multisenal.com\/en\/privacy-notice\/","og_site_name":"Multisenal","article_publisher":"https:\/\/www.facebook.com\/multisenal\/","article_modified_time":"2026-01-20T14:45:51+00:00","twitter_card":"summary_large_image","twitter_site":"@multisenal","twitter_misc":{"Est. reading time":"2 minutes"},"schema":{"@context":"https:\/\/schema.org","@graph":[{"@type":"WebPage","@id":"https:\/\/multisenal.com\/en\/privacy-notice\/","url":"https:\/\/multisenal.com\/en\/privacy-notice\/","name":"Privacy Notice - Multisenal","isPartOf":{"@id":"https:\/\/lightsteelblue-wasp-630432.hostingersite.com\/#website"},"datePublished":"2024-08-28T16:56:25+00:00","dateModified":"2026-01-20T14:45:51+00:00","breadcrumb":{"@id":"https:\/\/multisenal.com\/en\/privacy-notice\/#breadcrumb"},"inLanguage":"en-US","potentialAction":[{"@type":"ReadAction","target":["https:\/\/multisenal.com\/en\/privacy-notice\/"]}]},{"@type":"BreadcrumbList","@id":"https:\/\/multisenal.com\/en\/privacy-notice\/#breadcrumb","itemListElement":[{"@type":"ListItem","position":1,"name":"Inicio","item":"https:\/\/multisenal.com\/"},{"@type":"ListItem","position":2,"name":"Privacy Notice"}]},{"@type":"WebSite","@id":"https:\/\/lightsteelblue-wasp-630432.hostingersite.com\/#website","url":"https:\/\/lightsteelblue-wasp-630432.hostingersite.com\/","name":"Multisenal","description":"Fabricante L\u00edder en Seguridad Vial","publisher":{"@id":"https:\/\/lightsteelblue-wasp-630432.hostingersite.com\/#organization"},"potentialAction":[{"@type":"SearchAction","target":{"@type":"EntryPoint","urlTemplate":"https:\/\/lightsteelblue-wasp-630432.hostingersite.com\/?s={search_term_string}"},"query-input":"required name=search_term_string"}],"inLanguage":"en-US"},{"@type":"Organization","@id":"https:\/\/lightsteelblue-wasp-630432.hostingersite.com\/#organization","name":"Multisenal","url":"https:\/\/lightsteelblue-wasp-630432.hostingersite.com\/","logo":{"@type":"ImageObject","inLanguage":"en-US","@id":"https:\/\/lightsteelblue-wasp-630432.hostingersite.com\/#\/schema\/logo\/image\/","url":"https:\/\/multisenal.com\/wp-content\/uploads\/2023\/10\/Logo-Multisenal-Blanco.webp","contentUrl":"https:\/\/multisenal.com\/wp-content\/uploads\/2023\/10\/Logo-Multisenal-Blanco.webp","width":1024,"height":293,"caption":"Multisenal"},"image":{"@id":"https:\/\/lightsteelblue-wasp-630432.hostingersite.com\/#\/schema\/logo\/image\/"},"sameAs":["https:\/\/www.facebook.com\/multisenal\/","https:\/\/twitter.com\/multisenal","https:\/\/www.instagram.com\/multisenalmx\/","https:\/\/www.youtube.com\/@multisenaloficial","https:\/\/www.linkedin.com\/company\/multisenalmexico\/"]}]}},"_links":{"self":[{"href":"https:\/\/multisenal.com\/en\/wp-json\/wp\/v2\/pages\/26018","targetHints":{"allow":["GET"]}}],"collection":[{"href":"https:\/\/multisenal.com\/en\/wp-json\/wp\/v2\/pages"}],"about":[{"href":"https:\/\/multisenal.com\/en\/wp-json\/wp\/v2\/types\/page"}],"author":[{"embeddable":true,"href":"https:\/\/multisenal.com\/en\/wp-json\/wp\/v2\/users\/4"}],"replies":[{"embeddable":true,"href":"https:\/\/multisenal.com\/en\/wp-json\/wp\/v2\/comments?post=26018"}],"version-history":[{"count":10,"href":"https:\/\/multisenal.com\/en\/wp-json\/wp\/v2\/pages\/26018\/revisions"}],"predecessor-version":[{"id":38167,"href":"https:\/\/multisenal.com\/en\/wp-json\/wp\/v2\/pages\/26018\/revisions\/38167"}],"wp:attachment":[{"href":"https:\/\/multisenal.com\/en\/wp-json\/wp\/v2\/media?parent=26018"}],"curies":[{"name":"wp","href":"https:\/\/api.w.org\/{rel}","templated":true}]}}