{"id":23491,"date":"2024-05-16T17:38:13","date_gmt":"2024-05-16T23:38:13","guid":{"rendered":"https:\/\/multisenal.com\/?post_type=product&#038;p=23491"},"modified":"2024-05-28T17:24:18","modified_gmt":"2024-05-28T23:24:18","slug":"decorative-bollard-post","status":"publish","type":"product","link":"https:\/\/multisenal.com\/en\/producto\/decorative-bollard-post\/","title":{"rendered":"Decorative Bollard Post"},"content":{"rendered":"<h2>Decorative Bollard Post<\/h2>\n<p>In the search of elements that combine functionality and aesthetic, discover our <strong>Decorative Bollard Post<\/strong>, a robust and modern decoration that performs a crucial role to delimit roads.<\/p>\n<p>Its squared body with pyramid finial not only contributes to a safe and high standard environment, but adds a contemporary touch to any space.<\/p>\n<p><strong>Key Features:<\/strong><\/p>\n<ul>\n<li><strong>Quality Material:<\/strong> Manufactured in polyethylene, this bollard is more than just modern, is highly resistant to UV-rays, guaranteeing an exceptional durability in adverse climate conditions.<\/li>\n<li><strong>Robust Design:<\/strong> Its structure incorporates a tubular steel skeleton, maximizing its impact resistance and providing a reliable barrier against non-desired intrusions.<\/li>\n<li><strong>Ease of Installation:<\/strong> Tubular base designed for a safe anchoring to floor, having an easy and efficient installation.<\/li>\n<li><strong>Low Maintenance:<\/strong> Designed for user comfort, this Decorative Bollard Post requires a low or no maintenance at all, offering a convenient and durable solution.<\/li>\n<li><strong>Customized Options:<\/strong> Versatility is noticeable with an option to include steel snap hooks for chain, providing an adaptable solution to different needs.<\/li>\n<li><strong>Additional Elements (Optional):<\/strong>\n<ul>\n<li>Two snap hooks add a decorative touch.<\/li>\n<li>3\/8 chain, offering an additional option to delimit areas if necessary.<\/li>\n<\/ul>\n<\/li>\n<\/ul>\n<p>&nbsp;<\/p>\n<p><strong>Measurements:<\/strong><\/p>\n<ul>\n<li>Height: 3.4 ft<\/li>\n<li>Total Height: 4.0 ft<\/li>\n<li>Width: 6.2 in<\/li>\n<li>Length: 6.2 in<\/li>\n<li>Colors: Black or grey<\/li>\n<\/ul>\n<p>&nbsp;<\/p>\n<p><strong>Decorative Bollard Post <\/strong>redefine <a href=\"https:\/\/www.cdc.gov\/transportation-safety\/index.html\">traffic security<\/a> with its unique design and exceptional features. Discover a solution that goes further something conventional, offering not only protection but aesthetic element that raise quality in any space.<\/p>\n<p><span data-sheets-root=\"1\" data-sheets-value=\"{&quot;1&quot;:2,&quot;2&quot;:&quot;Bolardos circulares&quot;}\" data-sheets-userformat=\"{&quot;2&quot;:15297,&quot;3&quot;:{&quot;1&quot;:0},&quot;9&quot;:0,&quot;10&quot;:1,&quot;11&quot;:0,&quot;12&quot;:0,&quot;14&quot;:{&quot;1&quot;:2,&quot;2&quot;:0},&quot;15&quot;:&quot;Calibri&quot;,&quot;16&quot;:11}\">As bollard manufacturers, trust that these are manufactured with the most resistant materials and following the standards. Explore more of our products as the <a href=\"https:\/\/multisenal.com\/producto\/bolardos-circulares\/\">Circular Bollards<\/a>.\u00a0<\/span><\/p>\n","protected":false},"excerpt":{"rendered":"<p>Bolardo Metr\u00f3poli<\/p>\n<p><strong>C\u00f3digo: PIC-ME-I<\/strong><\/p>\n<p>&nbsp;<\/p>\n","protected":false},"featured_media":13480,"comment_status":"open","ping_status":"closed","template":"","meta":[],"product_brand":[],"product_cat":[45],"product_tag":[133],"class_list":{"0":"post-23491","1":"product","2":"type-product","3":"status-publish","4":"has-post-thumbnail","6":"product_cat-bolardos","7":"product_tag-ingles","9":"first","10":"instock","11":"shipping-taxable","12":"product-type-simple"},"yoast_head":"<!-- This site is optimized with the Yoast SEO Premium plugin v22.3 (Yoast SEO v22.4) - https:\/\/yoast.com\/wordpress\/plugins\/seo\/ -->\n<title>Decorative Bollard Post - Multisenal<\/title>\n<meta name=\"description\" content=\"Con el bolardo metr\u00f3poli obtienes modernidad, resistencia y est\u00e9tica. Fabricado en polietileno, f\u00e1cil instalaci\u00f3n y opciones personalizadas.\" \/>\n<meta name=\"robots\" content=\"index, follow, max-snippet:-1, max-image-preview:large, max-video-preview:-1\" \/>\n<link rel=\"canonical\" href=\"https:\/\/multisenal.com\/en\/producto\/bolardo-metropoli\/\" \/>\n<meta property=\"og:locale\" content=\"en_US\" \/>\n<meta property=\"og:type\" content=\"article\" \/>\n<meta property=\"og:title\" content=\"Decorative Bollard Post\" \/>\n<meta property=\"og:description\" content=\"Con el bolardo metr\u00f3poli obtienes modernidad, resistencia y est\u00e9tica. Fabricado en polietileno, f\u00e1cil instalaci\u00f3n y opciones personalizadas.\" \/>\n<meta property=\"og:url\" content=\"https:\/\/multisenal.com\/producto\/bolardo-metropoli\/\" \/>\n<meta property=\"og:site_name\" content=\"Multisenal\" \/>\n<meta property=\"article:publisher\" content=\"https:\/\/www.facebook.com\/multisenal\/\" \/>\n<meta property=\"article:modified_time\" content=\"2024-05-28T23:24:18+00:00\" \/>\n<meta property=\"og:image\" content=\"https:\/\/multisenal.com\/wp-content\/uploads\/2023\/11\/BOLARDO-PC7-METROPOLI.png\" \/>\n\t<meta property=\"og:image:width\" content=\"800\" \/>\n\t<meta property=\"og:image:height\" content=\"800\" \/>\n\t<meta property=\"og:image:type\" content=\"image\/png\" \/>\n<meta name=\"twitter:card\" content=\"summary_large_image\" \/>\n<meta name=\"twitter:site\" content=\"@multisenal\" \/>\n<meta name=\"twitter:label1\" content=\"Est. reading time\" \/>\n\t<meta name=\"twitter:data1\" content=\"2 minutes\" \/>\n<script type=\"application\/ld+json\" class=\"yoast-schema-graph\">{\"@context\":\"https:\/\/schema.org\",\"@graph\":[{\"@type\":\"WebPage\",\"@id\":\"https:\/\/multisenal.com\/producto\/bolardo-metropoli\/\",\"url\":\"https:\/\/multisenal.com\/producto\/bolardo-metropoli\/\",\"name\":\"Decorative Bollard Post - Multisenal\",\"isPartOf\":{\"@id\":\"https:\/\/lightsteelblue-wasp-630432.hostingersite.com\/#website\"},\"primaryImageOfPage\":{\"@id\":\"https:\/\/multisenal.com\/producto\/bolardo-metropoli\/#primaryimage\"},\"image\":{\"@id\":\"https:\/\/multisenal.com\/producto\/bolardo-metropoli\/#primaryimage\"},\"thumbnailUrl\":\"https:\/\/multisenal.com\/wp-content\/uploads\/2023\/11\/BOLARDO-PC7-METROPOLI.png\",\"datePublished\":\"2024-05-16T23:38:13+00:00\",\"dateModified\":\"2024-05-28T23:24:18+00:00\",\"description\":\"Con el bolardo metr\u00f3poli obtienes modernidad, resistencia y est\u00e9tica. Fabricado en polietileno, f\u00e1cil instalaci\u00f3n y opciones personalizadas.\",\"breadcrumb\":{\"@id\":\"https:\/\/multisenal.com\/producto\/bolardo-metropoli\/#breadcrumb\"},\"inLanguage\":\"en-US\",\"potentialAction\":[{\"@type\":\"ReadAction\",\"target\":[\"https:\/\/multisenal.com\/producto\/bolardo-metropoli\/\"]}]},{\"@type\":\"ImageObject\",\"inLanguage\":\"en-US\",\"@id\":\"https:\/\/multisenal.com\/producto\/bolardo-metropoli\/#primaryimage\",\"url\":\"https:\/\/multisenal.com\/wp-content\/uploads\/2023\/11\/BOLARDO-PC7-METROPOLI.png\",\"contentUrl\":\"https:\/\/multisenal.com\/wp-content\/uploads\/2023\/11\/BOLARDO-PC7-METROPOLI.png\",\"width\":800,\"height\":800,\"caption\":\"bolardo metropoli\"},{\"@type\":\"BreadcrumbList\",\"@id\":\"https:\/\/multisenal.com\/producto\/bolardo-metropoli\/#breadcrumb\",\"itemListElement\":[{\"@type\":\"ListItem\",\"position\":1,\"name\":\"Inicio\",\"item\":\"https:\/\/multisenal.com\/\"},{\"@type\":\"ListItem\",\"position\":2,\"name\":\"Tienda\",\"item\":\"https:\/\/multisenal.com\/tienda\/\"},{\"@type\":\"ListItem\",\"position\":3,\"name\":\"Decorative Bollard Post\"}]},{\"@type\":\"WebSite\",\"@id\":\"https:\/\/lightsteelblue-wasp-630432.hostingersite.com\/#website\",\"url\":\"https:\/\/lightsteelblue-wasp-630432.hostingersite.com\/\",\"name\":\"Multisenal\",\"description\":\"Fabricante L\u00edder en Seguridad Vial\",\"publisher\":{\"@id\":\"https:\/\/lightsteelblue-wasp-630432.hostingersite.com\/#organization\"},\"potentialAction\":[{\"@type\":\"SearchAction\",\"target\":{\"@type\":\"EntryPoint\",\"urlTemplate\":\"https:\/\/lightsteelblue-wasp-630432.hostingersite.com\/?s={search_term_string}\"},\"query-input\":\"required name=search_term_string\"}],\"inLanguage\":\"en-US\"},{\"@type\":\"Organization\",\"@id\":\"https:\/\/lightsteelblue-wasp-630432.hostingersite.com\/#organization\",\"name\":\"Multisenal\",\"url\":\"https:\/\/lightsteelblue-wasp-630432.hostingersite.com\/\",\"logo\":{\"@type\":\"ImageObject\",\"inLanguage\":\"en-US\",\"@id\":\"https:\/\/lightsteelblue-wasp-630432.hostingersite.com\/#\/schema\/logo\/image\/\",\"url\":\"https:\/\/multisenal.com\/wp-content\/uploads\/2023\/10\/Logo-Multisenal-Blanco.webp\",\"contentUrl\":\"https:\/\/multisenal.com\/wp-content\/uploads\/2023\/10\/Logo-Multisenal-Blanco.webp\",\"width\":1024,\"height\":293,\"caption\":\"Multisenal\"},\"image\":{\"@id\":\"https:\/\/lightsteelblue-wasp-630432.hostingersite.com\/#\/schema\/logo\/image\/\"},\"sameAs\":[\"https:\/\/www.facebook.com\/multisenal\/\",\"https:\/\/twitter.com\/multisenal\",\"https:\/\/www.instagram.com\/multisenalmx\/\",\"https:\/\/www.youtube.com\/@multisenaloficial\",\"https:\/\/www.linkedin.com\/company\/multisenalmexico\/\"]}]}<\/script>\n<!-- \/ Yoast SEO Premium plugin. -->","yoast_head_json":{"title":"Decorative Bollard Post - Multisenal","description":"Con el bolardo metr\u00f3poli obtienes modernidad, resistencia y est\u00e9tica. Fabricado en polietileno, f\u00e1cil instalaci\u00f3n y opciones personalizadas.","robots":{"index":"index","follow":"follow","max-snippet":"max-snippet:-1","max-image-preview":"max-image-preview:large","max-video-preview":"max-video-preview:-1"},"canonical":"https:\/\/multisenal.com\/en\/producto\/bolardo-metropoli\/","og_locale":"en_US","og_type":"article","og_title":"Decorative Bollard Post","og_description":"Con el bolardo metr\u00f3poli obtienes modernidad, resistencia y est\u00e9tica. Fabricado en polietileno, f\u00e1cil instalaci\u00f3n y opciones personalizadas.","og_url":"https:\/\/multisenal.com\/producto\/bolardo-metropoli\/","og_site_name":"Multisenal","article_publisher":"https:\/\/www.facebook.com\/multisenal\/","article_modified_time":"2024-05-28T23:24:18+00:00","og_image":[{"width":800,"height":800,"url":"https:\/\/multisenal.com\/wp-content\/uploads\/2023\/11\/BOLARDO-PC7-METROPOLI.png","type":"image\/png"}],"twitter_card":"summary_large_image","twitter_site":"@multisenal","twitter_misc":{"Est. reading time":"2 minutes"},"schema":{"@context":"https:\/\/schema.org","@graph":[{"@type":"WebPage","@id":"https:\/\/multisenal.com\/producto\/bolardo-metropoli\/","url":"https:\/\/multisenal.com\/producto\/bolardo-metropoli\/","name":"Decorative Bollard Post - Multisenal","isPartOf":{"@id":"https:\/\/lightsteelblue-wasp-630432.hostingersite.com\/#website"},"primaryImageOfPage":{"@id":"https:\/\/multisenal.com\/producto\/bolardo-metropoli\/#primaryimage"},"image":{"@id":"https:\/\/multisenal.com\/producto\/bolardo-metropoli\/#primaryimage"},"thumbnailUrl":"https:\/\/multisenal.com\/wp-content\/uploads\/2023\/11\/BOLARDO-PC7-METROPOLI.png","datePublished":"2024-05-16T23:38:13+00:00","dateModified":"2024-05-28T23:24:18+00:00","description":"Con el bolardo metr\u00f3poli obtienes modernidad, resistencia y est\u00e9tica. Fabricado en polietileno, f\u00e1cil instalaci\u00f3n y opciones personalizadas.","breadcrumb":{"@id":"https:\/\/multisenal.com\/producto\/bolardo-metropoli\/#breadcrumb"},"inLanguage":"en-US","potentialAction":[{"@type":"ReadAction","target":["https:\/\/multisenal.com\/producto\/bolardo-metropoli\/"]}]},{"@type":"ImageObject","inLanguage":"en-US","@id":"https:\/\/multisenal.com\/producto\/bolardo-metropoli\/#primaryimage","url":"https:\/\/multisenal.com\/wp-content\/uploads\/2023\/11\/BOLARDO-PC7-METROPOLI.png","contentUrl":"https:\/\/multisenal.com\/wp-content\/uploads\/2023\/11\/BOLARDO-PC7-METROPOLI.png","width":800,"height":800,"caption":"bolardo metropoli"},{"@type":"BreadcrumbList","@id":"https:\/\/multisenal.com\/producto\/bolardo-metropoli\/#breadcrumb","itemListElement":[{"@type":"ListItem","position":1,"name":"Inicio","item":"https:\/\/multisenal.com\/"},{"@type":"ListItem","position":2,"name":"Tienda","item":"https:\/\/multisenal.com\/tienda\/"},{"@type":"ListItem","position":3,"name":"Decorative Bollard Post"}]},{"@type":"WebSite","@id":"https:\/\/lightsteelblue-wasp-630432.hostingersite.com\/#website","url":"https:\/\/lightsteelblue-wasp-630432.hostingersite.com\/","name":"Multisenal","description":"Fabricante L\u00edder en Seguridad Vial","publisher":{"@id":"https:\/\/lightsteelblue-wasp-630432.hostingersite.com\/#organization"},"potentialAction":[{"@type":"SearchAction","target":{"@type":"EntryPoint","urlTemplate":"https:\/\/lightsteelblue-wasp-630432.hostingersite.com\/?s={search_term_string}"},"query-input":"required name=search_term_string"}],"inLanguage":"en-US"},{"@type":"Organization","@id":"https:\/\/lightsteelblue-wasp-630432.hostingersite.com\/#organization","name":"Multisenal","url":"https:\/\/lightsteelblue-wasp-630432.hostingersite.com\/","logo":{"@type":"ImageObject","inLanguage":"en-US","@id":"https:\/\/lightsteelblue-wasp-630432.hostingersite.com\/#\/schema\/logo\/image\/","url":"https:\/\/multisenal.com\/wp-content\/uploads\/2023\/10\/Logo-Multisenal-Blanco.webp","contentUrl":"https:\/\/multisenal.com\/wp-content\/uploads\/2023\/10\/Logo-Multisenal-Blanco.webp","width":1024,"height":293,"caption":"Multisenal"},"image":{"@id":"https:\/\/lightsteelblue-wasp-630432.hostingersite.com\/#\/schema\/logo\/image\/"},"sameAs":["https:\/\/www.facebook.com\/multisenal\/","https:\/\/twitter.com\/multisenal","https:\/\/www.instagram.com\/multisenalmx\/","https:\/\/www.youtube.com\/@multisenaloficial","https:\/\/www.linkedin.com\/company\/multisenalmexico\/"]}]}},"_links":{"self":[{"href":"https:\/\/multisenal.com\/en\/wp-json\/wp\/v2\/product\/23491","targetHints":{"allow":["GET"]}}],"collection":[{"href":"https:\/\/multisenal.com\/en\/wp-json\/wp\/v2\/product"}],"about":[{"href":"https:\/\/multisenal.com\/en\/wp-json\/wp\/v2\/types\/product"}],"replies":[{"embeddable":true,"href":"https:\/\/multisenal.com\/en\/wp-json\/wp\/v2\/comments?post=23491"}],"wp:featuredmedia":[{"embeddable":true,"href":"https:\/\/multisenal.com\/en\/wp-json\/wp\/v2\/media\/13480"}],"wp:attachment":[{"href":"https:\/\/multisenal.com\/en\/wp-json\/wp\/v2\/media?parent=23491"}],"wp:term":[{"taxonomy":"product_brand","embeddable":true,"href":"https:\/\/multisenal.com\/en\/wp-json\/wp\/v2\/product_brand?post=23491"},{"taxonomy":"product_cat","embeddable":true,"href":"https:\/\/multisenal.com\/en\/wp-json\/wp\/v2\/product_cat?post=23491"},{"taxonomy":"product_tag","embeddable":true,"href":"https:\/\/multisenal.com\/en\/wp-json\/wp\/v2\/product_tag?post=23491"}],"curies":[{"name":"wp","href":"https:\/\/api.w.org\/{rel}","templated":true}]}}