{"id":29663,"date":"2025-02-21T10:06:51","date_gmt":"2025-02-21T16:06:51","guid":{"rendered":"https:\/\/multisenal.com\/?post_type=product&#038;p=29663"},"modified":"2025-05-22T02:05:09","modified_gmt":"2025-05-22T08:05:09","slug":"traffic-control-paddles","status":"publish","type":"product","link":"https:\/\/multisenal.com\/en\/producto\/traffic-control-paddles\/","title":{"rendered":"Traffic Control Paddles\u200b"},"content":{"rendered":"<h2><img fetchpriority=\"high\" decoding=\"async\" class=\"alignnone size-full wp-image-29736\" src=\"https:\/\/multisenal.com\/wp-content\/uploads\/2025\/02\/Stop-Go-Paddle-wScrew.png\" alt=\"\" width=\"1640\" height=\"924\" srcset=\"https:\/\/multisenal.com\/wp-content\/uploads\/2025\/02\/Stop-Go-Paddle-wScrew.png 1640w, https:\/\/multisenal.com\/wp-content\/uploads\/2025\/02\/Stop-Go-Paddle-wScrew-300x169.png 300w, https:\/\/multisenal.com\/wp-content\/uploads\/2025\/02\/Stop-Go-Paddle-wScrew-1024x577.png 1024w, https:\/\/multisenal.com\/wp-content\/uploads\/2025\/02\/Stop-Go-Paddle-wScrew-768x433.png 768w, https:\/\/multisenal.com\/wp-content\/uploads\/2025\/02\/Stop-Go-Paddle-wScrew-1536x865.png 1536w, https:\/\/multisenal.com\/wp-content\/uploads\/2025\/02\/Stop-Go-Paddle-wScrew-600x338.png 600w\" sizes=\"(max-width: 1640px) 100vw, 1640px\" \/>Traffic Control Paddles\u200b<\/h2>\n<p>The school zones are areas that require a high protection and road signage to safeguard the integrity of students, teaching staff and pedestrians, for that, the Traffic Control Paddles\u200b are one of the best options for that.<\/p>\n<p>In these environments, is important that a caution sign always stands out.<br \/>\nThe Traffic Control Paddles\u200b are visible from long distances thanks to their vibrant yellow or orange color; making it conspicuous in any environment.<\/p>\n<p><a href=\"https:\/\/multisenal.com\/producto\/paleta-alto-siga\/\">Paddles<\/a> of these devices are the most important element, due, thanks that can have any sign or indication, according to the required situation, it can communicate clear instructions or indications.<\/p>\n<p>The same paddles, by having two sides, achieve signs such as \u201cNo trespassing\u201d, \u201cNo Parking\u201d, \u201cReserved area\u201d, \u201cCaution\u201d and more, are visible at the front and rear part of the Traffic Control Paddles\u200b.<\/p>\n<p>Tools can be mounted on a delineator post 122 or in a traffic drum thanks to their adjustable hook. For that, is incredibly versatile and adaptable to any situation.<\/p>\n<p>The <a href=\"https:\/\/multisenal.com.mx\/categoria-producto\/hitos-2\/\">post<\/a>, is designed to be easy to handle and to transport to any place. It has a tape holder and a finish for a safe fastening.<\/p>\n<p>Traffic Control Paddles\u200b are manufactured in high density polyethylene. These also have UV protection, highly resistant tools with an enviable durability before any climate. By not requiring any maintenance, also represent a long-term saving.<\/p>\n<p>Thanks to the join of many posts it can create a perimeter, for example, tape; this can also work to delineate perimeters that reinforce their purpose thanks to the sign set on flexible post. For that, is functional to manage crowds in massive events.<\/p>\n<p>These devices are ideal to delineate and protect entrances and exits of schools, hospitals or parking lots.<\/p>\n<h4><strong>Measures<\/strong><\/h4>\n<p>Paddle<\/p>\n<p>Length: 13.5 in.<br \/>\nWidth: 1.6 in.<br \/>\nHexagonal Height: 17.9 in.<\/p>\n<p>General:<br \/>\nLength: 18.1 in.<br \/>\nWidth: 15.7 in.<br \/>\nTotal height with post: 62.9 in.<\/p>\n","protected":false},"excerpt":{"rendered":"<p><strong>Nombre del producto: Paleta Alto Siga Gancho<\/strong><\/p>\n<p><strong>C\u00f3digo: PPS-30 G<\/strong><\/p>\n","protected":false},"featured_media":24907,"comment_status":"open","ping_status":"closed","template":"","meta":[],"product_brand":[],"product_cat":[39],"product_tag":[133],"class_list":{"0":"post-29663","1":"product","2":"type-product","3":"status-publish","4":"has-post-thumbnail","6":"product_cat-paletas-viales","7":"product_tag-ingles","9":"first","10":"instock","11":"shipping-taxable","12":"product-type-simple"},"yoast_head":"<!-- This site is optimized with the Yoast SEO Premium plugin v22.3 (Yoast SEO v22.4) - https:\/\/yoast.com\/wordpress\/plugins\/seo\/ -->\n<title>Traffic Control Paddles\u200b - Multisenal<\/title>\n<meta name=\"description\" content=\"The Traffic Control Paddles are useful to indicate instructions through their paddles, as maintain vehicles or crowds by linking many posts.\" \/>\n<meta name=\"robots\" content=\"index, follow, max-snippet:-1, max-image-preview:large, max-video-preview:-1\" \/>\n<link rel=\"canonical\" href=\"https:\/\/multisenal.com\/en\/producto\/traffic-control-paddles\/\" \/>\n<meta property=\"og:locale\" content=\"en_US\" \/>\n<meta property=\"og:type\" content=\"article\" \/>\n<meta property=\"og:title\" content=\"Traffic Control Paddles\u200b\" \/>\n<meta property=\"og:description\" content=\"The Traffic Control Paddles are useful to indicate instructions through their paddles, as maintain vehicles or crowds by linking many posts.\" \/>\n<meta property=\"og:url\" content=\"https:\/\/multisenal.com\/en\/producto\/traffic-control-paddles\/\" \/>\n<meta property=\"og:site_name\" content=\"Multisenal\" \/>\n<meta property=\"article:publisher\" content=\"https:\/\/www.facebook.com\/multisenal\/\" \/>\n<meta property=\"article:modified_time\" content=\"2025-05-22T08:05:09+00:00\" \/>\n<meta property=\"og:image\" content=\"https:\/\/multisenal.com\/wp-content\/uploads\/2024\/06\/Paleta-Pare-Siga-Gancho-PPS-30G.webp\" \/>\n\t<meta property=\"og:image:width\" content=\"1200\" \/>\n\t<meta property=\"og:image:height\" content=\"1200\" \/>\n\t<meta property=\"og:image:type\" content=\"image\/webp\" \/>\n<meta name=\"twitter:card\" content=\"summary_large_image\" \/>\n<meta name=\"twitter:site\" content=\"@multisenal\" \/>\n<meta name=\"twitter:label1\" content=\"Est. reading time\" \/>\n\t<meta name=\"twitter:data1\" content=\"2 minutes\" \/>\n<script type=\"application\/ld+json\" class=\"yoast-schema-graph\">{\"@context\":\"https:\/\/schema.org\",\"@graph\":[{\"@type\":\"WebPage\",\"@id\":\"https:\/\/multisenal.com\/en\/producto\/traffic-control-paddles\/\",\"url\":\"https:\/\/multisenal.com\/en\/producto\/traffic-control-paddles\/\",\"name\":\"Traffic Control Paddles\u200b - Multisenal\",\"isPartOf\":{\"@id\":\"https:\/\/lightsteelblue-wasp-630432.hostingersite.com\/#website\"},\"primaryImageOfPage\":{\"@id\":\"https:\/\/multisenal.com\/en\/producto\/traffic-control-paddles\/#primaryimage\"},\"image\":{\"@id\":\"https:\/\/multisenal.com\/en\/producto\/traffic-control-paddles\/#primaryimage\"},\"thumbnailUrl\":\"https:\/\/multisenal.com\/wp-content\/uploads\/2024\/06\/Paleta-Pare-Siga-Gancho-PPS-30G.webp\",\"datePublished\":\"2025-02-21T16:06:51+00:00\",\"dateModified\":\"2025-05-22T08:05:09+00:00\",\"description\":\"The Traffic Control Paddles are useful to indicate instructions through their paddles, as maintain vehicles or crowds by linking many posts.\",\"breadcrumb\":{\"@id\":\"https:\/\/multisenal.com\/en\/producto\/traffic-control-paddles\/#breadcrumb\"},\"inLanguage\":\"en-US\",\"potentialAction\":[{\"@type\":\"ReadAction\",\"target\":[\"https:\/\/multisenal.com\/en\/producto\/traffic-control-paddles\/\"]}]},{\"@type\":\"ImageObject\",\"inLanguage\":\"en-US\",\"@id\":\"https:\/\/multisenal.com\/en\/producto\/traffic-control-paddles\/#primaryimage\",\"url\":\"https:\/\/multisenal.com\/wp-content\/uploads\/2024\/06\/Paleta-Pare-Siga-Gancho-PPS-30G.webp\",\"contentUrl\":\"https:\/\/multisenal.com\/wp-content\/uploads\/2024\/06\/Paleta-Pare-Siga-Gancho-PPS-30G.webp\",\"width\":1200,\"height\":1200,\"caption\":\"La zona escolar se\u00f1al es \u00fatil para indicar instrucciones mediante sus paletas, as\u00ed como contener veh\u00edculos o multitudes al unir varios hitos\"},{\"@type\":\"BreadcrumbList\",\"@id\":\"https:\/\/multisenal.com\/en\/producto\/traffic-control-paddles\/#breadcrumb\",\"itemListElement\":[{\"@type\":\"ListItem\",\"position\":1,\"name\":\"Inicio\",\"item\":\"https:\/\/multisenal.com\/\"},{\"@type\":\"ListItem\",\"position\":2,\"name\":\"Tienda\",\"item\":\"https:\/\/multisenal.com\/tienda\/\"},{\"@type\":\"ListItem\",\"position\":3,\"name\":\"Traffic Control Paddles\u200b\"}]},{\"@type\":\"WebSite\",\"@id\":\"https:\/\/lightsteelblue-wasp-630432.hostingersite.com\/#website\",\"url\":\"https:\/\/lightsteelblue-wasp-630432.hostingersite.com\/\",\"name\":\"Multisenal\",\"description\":\"Fabricante L\u00edder en Seguridad Vial\",\"publisher\":{\"@id\":\"https:\/\/lightsteelblue-wasp-630432.hostingersite.com\/#organization\"},\"potentialAction\":[{\"@type\":\"SearchAction\",\"target\":{\"@type\":\"EntryPoint\",\"urlTemplate\":\"https:\/\/lightsteelblue-wasp-630432.hostingersite.com\/?s={search_term_string}\"},\"query-input\":\"required name=search_term_string\"}],\"inLanguage\":\"en-US\"},{\"@type\":\"Organization\",\"@id\":\"https:\/\/lightsteelblue-wasp-630432.hostingersite.com\/#organization\",\"name\":\"Multisenal\",\"url\":\"https:\/\/lightsteelblue-wasp-630432.hostingersite.com\/\",\"logo\":{\"@type\":\"ImageObject\",\"inLanguage\":\"en-US\",\"@id\":\"https:\/\/lightsteelblue-wasp-630432.hostingersite.com\/#\/schema\/logo\/image\/\",\"url\":\"https:\/\/multisenal.com\/wp-content\/uploads\/2023\/10\/Logo-Multisenal-Blanco.webp\",\"contentUrl\":\"https:\/\/multisenal.com\/wp-content\/uploads\/2023\/10\/Logo-Multisenal-Blanco.webp\",\"width\":1024,\"height\":293,\"caption\":\"Multisenal\"},\"image\":{\"@id\":\"https:\/\/lightsteelblue-wasp-630432.hostingersite.com\/#\/schema\/logo\/image\/\"},\"sameAs\":[\"https:\/\/www.facebook.com\/multisenal\/\",\"https:\/\/twitter.com\/multisenal\",\"https:\/\/www.instagram.com\/multisenalmx\/\",\"https:\/\/www.youtube.com\/@multisenaloficial\",\"https:\/\/www.linkedin.com\/company\/multisenalmexico\/\"]}]}<\/script>\n<!-- \/ Yoast SEO Premium plugin. -->","yoast_head_json":{"title":"Traffic Control Paddles\u200b - Multisenal","description":"The Traffic Control Paddles are useful to indicate instructions through their paddles, as maintain vehicles or crowds by linking many posts.","robots":{"index":"index","follow":"follow","max-snippet":"max-snippet:-1","max-image-preview":"max-image-preview:large","max-video-preview":"max-video-preview:-1"},"canonical":"https:\/\/multisenal.com\/en\/producto\/traffic-control-paddles\/","og_locale":"en_US","og_type":"article","og_title":"Traffic Control Paddles\u200b","og_description":"The Traffic Control Paddles are useful to indicate instructions through their paddles, as maintain vehicles or crowds by linking many posts.","og_url":"https:\/\/multisenal.com\/en\/producto\/traffic-control-paddles\/","og_site_name":"Multisenal","article_publisher":"https:\/\/www.facebook.com\/multisenal\/","article_modified_time":"2025-05-22T08:05:09+00:00","og_image":[{"width":1200,"height":1200,"url":"https:\/\/multisenal.com\/wp-content\/uploads\/2024\/06\/Paleta-Pare-Siga-Gancho-PPS-30G.webp","type":"image\/webp"}],"twitter_card":"summary_large_image","twitter_site":"@multisenal","twitter_misc":{"Est. reading time":"2 minutes"},"schema":{"@context":"https:\/\/schema.org","@graph":[{"@type":"WebPage","@id":"https:\/\/multisenal.com\/en\/producto\/traffic-control-paddles\/","url":"https:\/\/multisenal.com\/en\/producto\/traffic-control-paddles\/","name":"Traffic Control Paddles\u200b - Multisenal","isPartOf":{"@id":"https:\/\/lightsteelblue-wasp-630432.hostingersite.com\/#website"},"primaryImageOfPage":{"@id":"https:\/\/multisenal.com\/en\/producto\/traffic-control-paddles\/#primaryimage"},"image":{"@id":"https:\/\/multisenal.com\/en\/producto\/traffic-control-paddles\/#primaryimage"},"thumbnailUrl":"https:\/\/multisenal.com\/wp-content\/uploads\/2024\/06\/Paleta-Pare-Siga-Gancho-PPS-30G.webp","datePublished":"2025-02-21T16:06:51+00:00","dateModified":"2025-05-22T08:05:09+00:00","description":"The Traffic Control Paddles are useful to indicate instructions through their paddles, as maintain vehicles or crowds by linking many posts.","breadcrumb":{"@id":"https:\/\/multisenal.com\/en\/producto\/traffic-control-paddles\/#breadcrumb"},"inLanguage":"en-US","potentialAction":[{"@type":"ReadAction","target":["https:\/\/multisenal.com\/en\/producto\/traffic-control-paddles\/"]}]},{"@type":"ImageObject","inLanguage":"en-US","@id":"https:\/\/multisenal.com\/en\/producto\/traffic-control-paddles\/#primaryimage","url":"https:\/\/multisenal.com\/wp-content\/uploads\/2024\/06\/Paleta-Pare-Siga-Gancho-PPS-30G.webp","contentUrl":"https:\/\/multisenal.com\/wp-content\/uploads\/2024\/06\/Paleta-Pare-Siga-Gancho-PPS-30G.webp","width":1200,"height":1200,"caption":"La zona escolar se\u00f1al es \u00fatil para indicar instrucciones mediante sus paletas, as\u00ed como contener veh\u00edculos o multitudes al unir varios hitos"},{"@type":"BreadcrumbList","@id":"https:\/\/multisenal.com\/en\/producto\/traffic-control-paddles\/#breadcrumb","itemListElement":[{"@type":"ListItem","position":1,"name":"Inicio","item":"https:\/\/multisenal.com\/"},{"@type":"ListItem","position":2,"name":"Tienda","item":"https:\/\/multisenal.com\/tienda\/"},{"@type":"ListItem","position":3,"name":"Traffic Control Paddles\u200b"}]},{"@type":"WebSite","@id":"https:\/\/lightsteelblue-wasp-630432.hostingersite.com\/#website","url":"https:\/\/lightsteelblue-wasp-630432.hostingersite.com\/","name":"Multisenal","description":"Fabricante L\u00edder en Seguridad Vial","publisher":{"@id":"https:\/\/lightsteelblue-wasp-630432.hostingersite.com\/#organization"},"potentialAction":[{"@type":"SearchAction","target":{"@type":"EntryPoint","urlTemplate":"https:\/\/lightsteelblue-wasp-630432.hostingersite.com\/?s={search_term_string}"},"query-input":"required name=search_term_string"}],"inLanguage":"en-US"},{"@type":"Organization","@id":"https:\/\/lightsteelblue-wasp-630432.hostingersite.com\/#organization","name":"Multisenal","url":"https:\/\/lightsteelblue-wasp-630432.hostingersite.com\/","logo":{"@type":"ImageObject","inLanguage":"en-US","@id":"https:\/\/lightsteelblue-wasp-630432.hostingersite.com\/#\/schema\/logo\/image\/","url":"https:\/\/multisenal.com\/wp-content\/uploads\/2023\/10\/Logo-Multisenal-Blanco.webp","contentUrl":"https:\/\/multisenal.com\/wp-content\/uploads\/2023\/10\/Logo-Multisenal-Blanco.webp","width":1024,"height":293,"caption":"Multisenal"},"image":{"@id":"https:\/\/lightsteelblue-wasp-630432.hostingersite.com\/#\/schema\/logo\/image\/"},"sameAs":["https:\/\/www.facebook.com\/multisenal\/","https:\/\/twitter.com\/multisenal","https:\/\/www.instagram.com\/multisenalmx\/","https:\/\/www.youtube.com\/@multisenaloficial","https:\/\/www.linkedin.com\/company\/multisenalmexico\/"]}]}},"_links":{"self":[{"href":"https:\/\/multisenal.com\/en\/wp-json\/wp\/v2\/product\/29663","targetHints":{"allow":["GET"]}}],"collection":[{"href":"https:\/\/multisenal.com\/en\/wp-json\/wp\/v2\/product"}],"about":[{"href":"https:\/\/multisenal.com\/en\/wp-json\/wp\/v2\/types\/product"}],"replies":[{"embeddable":true,"href":"https:\/\/multisenal.com\/en\/wp-json\/wp\/v2\/comments?post=29663"}],"wp:featuredmedia":[{"embeddable":true,"href":"https:\/\/multisenal.com\/en\/wp-json\/wp\/v2\/media\/24907"}],"wp:attachment":[{"href":"https:\/\/multisenal.com\/en\/wp-json\/wp\/v2\/media?parent=29663"}],"wp:term":[{"taxonomy":"product_brand","embeddable":true,"href":"https:\/\/multisenal.com\/en\/wp-json\/wp\/v2\/product_brand?post=29663"},{"taxonomy":"product_cat","embeddable":true,"href":"https:\/\/multisenal.com\/en\/wp-json\/wp\/v2\/product_cat?post=29663"},{"taxonomy":"product_tag","embeddable":true,"href":"https:\/\/multisenal.com\/en\/wp-json\/wp\/v2\/product_tag?post=29663"}],"curies":[{"name":"wp","href":"https:\/\/api.w.org\/{rel}","templated":true}]}}