{"id":29665,"date":"2025-02-21T10:10:00","date_gmt":"2025-02-21T16:10:00","guid":{"rendered":"https:\/\/multisenal.com\/?post_type=product&#038;p=29665"},"modified":"2025-11-04T13:27:45","modified_gmt":"2025-11-04T19:27:45","slug":"collapsible-traffic-cone","status":"publish","type":"product","link":"https:\/\/multisenal.com\/en\/producto\/collapsible-traffic-cone\/","title":{"rendered":"Collapsible Traffic Cone"},"content":{"rendered":"<div class=\"page\" title=\"Page 1\">\n<div class=\"section\">\n<div class=\"layoutArea\">\n<div class=\"column\">\n<p>Maximize safety in highway with our Collapsible Traffic Cone, your reliable companion always.<\/p>\n<\/div>\n<\/div>\n<\/div>\n<\/div>\n<p>Designed with creativity and thinking in your calm, this compact device is an essential solution to face any emergency while driving.<\/p>\n<p>Their innovative design and intelligent features guarantee a quick response in critical situations.<\/p>\n<p>Compact and versatile, it easily bends for a convenient storage within your car. For example, on the interior of your trunk or under the seat. There\u2019s always room for it.<\/p>\n<p>In case of mishap or emergency stop at highway, the Collapsible Traffic Cone will be ready to be used and alert to other drivers about your presence.<\/p>\n<p>Equipped with reflective bands for an optimal visibility even in low light conditions, this cone reduce the risk of accidents by making known your presence in a clear and evident way to other motorists.<\/p>\n<p>And there\u2019s more\u2026 Increase its visibility thanks to the option to add an adaptable strobe at the edge.<\/p>\n<p>Convenient, safe and easy to take, our pop-up cone is an essential addition for any motorist.<\/p>\n<p>From its convenient and easy storage to its quick installation in case of emergencies, this device is designed to offer calm and protection in road.<\/p>\n<p>Buy yours now\u2026 Our Collapsible Traffic <a href=\"https:\/\/multisenal.com\/en\/?s=cone\">Cone <\/a>will keep your safety always in sight.<\/p>\n<h4>Measures:<\/h4>\n<ul>\n<li>Height: 17.7 in.<\/li>\n<li>Squared base: 11.4 in per side.<\/li>\n<\/ul>\n<p>&nbsp;<\/p>\n<h4><a href=\"https:\/\/multisenal.com.mx\/FichasTecnicas\/Cono-Retractil-CN-PL-ES.pdf\" target=\"_blank\" rel=\"noopener\"><strong><span style=\"color: #008000;\">FICHA T\u00c9CNICA\u00a0 \ud83c\uddf2\ud83c\uddfd<\/span><\/strong><\/a><\/h4>\n<h4><a href=\"https:\/\/multisenal.com.mx\/FichasTecnicas\/Cono-Retractil-CN-PL-EN.pdf\" target=\"_blank\" rel=\"noopener\"><strong><span style=\"color: #0000ff;\">FICHA T\u00c9CNICA\u00a0 \ud83c\uddfa\ud83c\uddf8<\/span><\/strong><\/a><\/h4>\n","protected":false},"excerpt":{"rendered":"<p><strong>Nombre del producto: Cono plegable con luz<\/strong><\/p>\n<p><strong>C\u00f3digo: CN-PL<\/strong><\/p>\n","protected":false},"featured_media":24374,"comment_status":"open","ping_status":"closed","template":"","meta":[],"product_brand":[],"product_cat":[40,52,55],"product_tag":[133],"class_list":{"0":"post-29665","1":"product","2":"type-product","3":"status-publish","4":"has-post-thumbnail","6":"product_cat-conos-viales","7":"product_cat-electronicos","8":"product_cat-moda-multisenal","9":"product_tag-ingles","11":"first","12":"instock","13":"shipping-taxable","14":"product-type-simple"},"yoast_head":"<!-- This site is optimized with the Yoast SEO Premium plugin v22.3 (Yoast SEO v22.4) - https:\/\/yoast.com\/wordpress\/plugins\/seo\/ -->\n<title>Collapsible Traffic Cone - Multisenal<\/title>\n<meta name=\"description\" content=\"The Collapsible Traffic Cone is your ideal companion to alert about your presence in highway in case of suffering a mishap.\" \/>\n<meta name=\"robots\" content=\"index, follow, max-snippet:-1, max-image-preview:large, max-video-preview:-1\" \/>\n<link rel=\"canonical\" href=\"https:\/\/multisenal.com\/en\/producto\/collapsible-traffic-cone\/\" \/>\n<meta property=\"og:locale\" content=\"en_US\" \/>\n<meta property=\"og:type\" content=\"article\" \/>\n<meta property=\"og:title\" content=\"Collapsible Traffic Cone\" \/>\n<meta property=\"og:description\" content=\"The Collapsible Traffic Cone is your ideal companion to alert about your presence in highway in case of suffering a mishap.\" \/>\n<meta property=\"og:url\" content=\"https:\/\/multisenal.com\/en\/producto\/collapsible-traffic-cone\/\" \/>\n<meta property=\"og:site_name\" content=\"Multisenal\" \/>\n<meta property=\"article:publisher\" content=\"https:\/\/www.facebook.com\/multisenal\/\" \/>\n<meta property=\"article:modified_time\" content=\"2025-11-04T19:27:45+00:00\" \/>\n<meta property=\"og:image\" content=\"https:\/\/multisenal.com\/wp-content\/uploads\/2024\/05\/Cono-Plegable-CN-PL.webp\" \/>\n\t<meta property=\"og:image:width\" content=\"1200\" \/>\n\t<meta property=\"og:image:height\" content=\"1200\" \/>\n\t<meta property=\"og:image:type\" content=\"image\/webp\" \/>\n<meta name=\"twitter:card\" content=\"summary_large_image\" \/>\n<meta name=\"twitter:site\" content=\"@multisenal\" \/>\n<meta name=\"twitter:label1\" content=\"Est. reading time\" \/>\n\t<meta name=\"twitter:data1\" content=\"2 minutes\" \/>\n<script type=\"application\/ld+json\" class=\"yoast-schema-graph\">{\"@context\":\"https:\/\/schema.org\",\"@graph\":[{\"@type\":\"WebPage\",\"@id\":\"https:\/\/multisenal.com\/en\/producto\/collapsible-traffic-cone\/\",\"url\":\"https:\/\/multisenal.com\/en\/producto\/collapsible-traffic-cone\/\",\"name\":\"Collapsible Traffic Cone - Multisenal\",\"isPartOf\":{\"@id\":\"https:\/\/lightsteelblue-wasp-630432.hostingersite.com\/#website\"},\"primaryImageOfPage\":{\"@id\":\"https:\/\/multisenal.com\/en\/producto\/collapsible-traffic-cone\/#primaryimage\"},\"image\":{\"@id\":\"https:\/\/multisenal.com\/en\/producto\/collapsible-traffic-cone\/#primaryimage\"},\"thumbnailUrl\":\"https:\/\/multisenal.com\/wp-content\/uploads\/2024\/05\/Cono-Plegable-CN-PL.webp\",\"datePublished\":\"2025-02-21T16:10:00+00:00\",\"dateModified\":\"2025-11-04T19:27:45+00:00\",\"description\":\"The Collapsible Traffic Cone is your ideal companion to alert about your presence in highway in case of suffering a mishap.\",\"breadcrumb\":{\"@id\":\"https:\/\/multisenal.com\/en\/producto\/collapsible-traffic-cone\/#breadcrumb\"},\"inLanguage\":\"en-US\",\"potentialAction\":[{\"@type\":\"ReadAction\",\"target\":[\"https:\/\/multisenal.com\/en\/producto\/collapsible-traffic-cone\/\"]}]},{\"@type\":\"ImageObject\",\"inLanguage\":\"en-US\",\"@id\":\"https:\/\/multisenal.com\/en\/producto\/collapsible-traffic-cone\/#primaryimage\",\"url\":\"https:\/\/multisenal.com\/wp-content\/uploads\/2024\/05\/Cono-Plegable-CN-PL.webp\",\"contentUrl\":\"https:\/\/multisenal.com\/wp-content\/uploads\/2024\/05\/Cono-Plegable-CN-PL.webp\",\"width\":1200,\"height\":1200,\"caption\":\"El cono precauci\u00f3n plegable con luz es tu compa\u00f1ero ideal para alertar de tu presencia en la carretera en caso de sufrir alg\u00fan percance\"},{\"@type\":\"BreadcrumbList\",\"@id\":\"https:\/\/multisenal.com\/en\/producto\/collapsible-traffic-cone\/#breadcrumb\",\"itemListElement\":[{\"@type\":\"ListItem\",\"position\":1,\"name\":\"Inicio\",\"item\":\"https:\/\/multisenal.com\/\"},{\"@type\":\"ListItem\",\"position\":2,\"name\":\"Tienda\",\"item\":\"https:\/\/multisenal.com\/tienda\/\"},{\"@type\":\"ListItem\",\"position\":3,\"name\":\"Collapsible Traffic Cone\"}]},{\"@type\":\"WebSite\",\"@id\":\"https:\/\/lightsteelblue-wasp-630432.hostingersite.com\/#website\",\"url\":\"https:\/\/lightsteelblue-wasp-630432.hostingersite.com\/\",\"name\":\"Multisenal\",\"description\":\"Fabricante L\u00edder en Seguridad Vial\",\"publisher\":{\"@id\":\"https:\/\/lightsteelblue-wasp-630432.hostingersite.com\/#organization\"},\"potentialAction\":[{\"@type\":\"SearchAction\",\"target\":{\"@type\":\"EntryPoint\",\"urlTemplate\":\"https:\/\/lightsteelblue-wasp-630432.hostingersite.com\/?s={search_term_string}\"},\"query-input\":\"required name=search_term_string\"}],\"inLanguage\":\"en-US\"},{\"@type\":\"Organization\",\"@id\":\"https:\/\/lightsteelblue-wasp-630432.hostingersite.com\/#organization\",\"name\":\"Multisenal\",\"url\":\"https:\/\/lightsteelblue-wasp-630432.hostingersite.com\/\",\"logo\":{\"@type\":\"ImageObject\",\"inLanguage\":\"en-US\",\"@id\":\"https:\/\/lightsteelblue-wasp-630432.hostingersite.com\/#\/schema\/logo\/image\/\",\"url\":\"https:\/\/multisenal.com\/wp-content\/uploads\/2023\/10\/Logo-Multisenal-Blanco.webp\",\"contentUrl\":\"https:\/\/multisenal.com\/wp-content\/uploads\/2023\/10\/Logo-Multisenal-Blanco.webp\",\"width\":1024,\"height\":293,\"caption\":\"Multisenal\"},\"image\":{\"@id\":\"https:\/\/lightsteelblue-wasp-630432.hostingersite.com\/#\/schema\/logo\/image\/\"},\"sameAs\":[\"https:\/\/www.facebook.com\/multisenal\/\",\"https:\/\/twitter.com\/multisenal\",\"https:\/\/www.instagram.com\/multisenalmx\/\",\"https:\/\/www.youtube.com\/@multisenaloficial\",\"https:\/\/www.linkedin.com\/company\/multisenalmexico\/\"]}]}<\/script>\n<!-- \/ Yoast SEO Premium plugin. -->","yoast_head_json":{"title":"Collapsible Traffic Cone - Multisenal","description":"The Collapsible Traffic Cone is your ideal companion to alert about your presence in highway in case of suffering a mishap.","robots":{"index":"index","follow":"follow","max-snippet":"max-snippet:-1","max-image-preview":"max-image-preview:large","max-video-preview":"max-video-preview:-1"},"canonical":"https:\/\/multisenal.com\/en\/producto\/collapsible-traffic-cone\/","og_locale":"en_US","og_type":"article","og_title":"Collapsible Traffic Cone","og_description":"The Collapsible Traffic Cone is your ideal companion to alert about your presence in highway in case of suffering a mishap.","og_url":"https:\/\/multisenal.com\/en\/producto\/collapsible-traffic-cone\/","og_site_name":"Multisenal","article_publisher":"https:\/\/www.facebook.com\/multisenal\/","article_modified_time":"2025-11-04T19:27:45+00:00","og_image":[{"width":1200,"height":1200,"url":"https:\/\/multisenal.com\/wp-content\/uploads\/2024\/05\/Cono-Plegable-CN-PL.webp","type":"image\/webp"}],"twitter_card":"summary_large_image","twitter_site":"@multisenal","twitter_misc":{"Est. reading time":"2 minutes"},"schema":{"@context":"https:\/\/schema.org","@graph":[{"@type":"WebPage","@id":"https:\/\/multisenal.com\/en\/producto\/collapsible-traffic-cone\/","url":"https:\/\/multisenal.com\/en\/producto\/collapsible-traffic-cone\/","name":"Collapsible Traffic Cone - Multisenal","isPartOf":{"@id":"https:\/\/lightsteelblue-wasp-630432.hostingersite.com\/#website"},"primaryImageOfPage":{"@id":"https:\/\/multisenal.com\/en\/producto\/collapsible-traffic-cone\/#primaryimage"},"image":{"@id":"https:\/\/multisenal.com\/en\/producto\/collapsible-traffic-cone\/#primaryimage"},"thumbnailUrl":"https:\/\/multisenal.com\/wp-content\/uploads\/2024\/05\/Cono-Plegable-CN-PL.webp","datePublished":"2025-02-21T16:10:00+00:00","dateModified":"2025-11-04T19:27:45+00:00","description":"The Collapsible Traffic Cone is your ideal companion to alert about your presence in highway in case of suffering a mishap.","breadcrumb":{"@id":"https:\/\/multisenal.com\/en\/producto\/collapsible-traffic-cone\/#breadcrumb"},"inLanguage":"en-US","potentialAction":[{"@type":"ReadAction","target":["https:\/\/multisenal.com\/en\/producto\/collapsible-traffic-cone\/"]}]},{"@type":"ImageObject","inLanguage":"en-US","@id":"https:\/\/multisenal.com\/en\/producto\/collapsible-traffic-cone\/#primaryimage","url":"https:\/\/multisenal.com\/wp-content\/uploads\/2024\/05\/Cono-Plegable-CN-PL.webp","contentUrl":"https:\/\/multisenal.com\/wp-content\/uploads\/2024\/05\/Cono-Plegable-CN-PL.webp","width":1200,"height":1200,"caption":"El cono precauci\u00f3n plegable con luz es tu compa\u00f1ero ideal para alertar de tu presencia en la carretera en caso de sufrir alg\u00fan percance"},{"@type":"BreadcrumbList","@id":"https:\/\/multisenal.com\/en\/producto\/collapsible-traffic-cone\/#breadcrumb","itemListElement":[{"@type":"ListItem","position":1,"name":"Inicio","item":"https:\/\/multisenal.com\/"},{"@type":"ListItem","position":2,"name":"Tienda","item":"https:\/\/multisenal.com\/tienda\/"},{"@type":"ListItem","position":3,"name":"Collapsible Traffic Cone"}]},{"@type":"WebSite","@id":"https:\/\/lightsteelblue-wasp-630432.hostingersite.com\/#website","url":"https:\/\/lightsteelblue-wasp-630432.hostingersite.com\/","name":"Multisenal","description":"Fabricante L\u00edder en Seguridad Vial","publisher":{"@id":"https:\/\/lightsteelblue-wasp-630432.hostingersite.com\/#organization"},"potentialAction":[{"@type":"SearchAction","target":{"@type":"EntryPoint","urlTemplate":"https:\/\/lightsteelblue-wasp-630432.hostingersite.com\/?s={search_term_string}"},"query-input":"required name=search_term_string"}],"inLanguage":"en-US"},{"@type":"Organization","@id":"https:\/\/lightsteelblue-wasp-630432.hostingersite.com\/#organization","name":"Multisenal","url":"https:\/\/lightsteelblue-wasp-630432.hostingersite.com\/","logo":{"@type":"ImageObject","inLanguage":"en-US","@id":"https:\/\/lightsteelblue-wasp-630432.hostingersite.com\/#\/schema\/logo\/image\/","url":"https:\/\/multisenal.com\/wp-content\/uploads\/2023\/10\/Logo-Multisenal-Blanco.webp","contentUrl":"https:\/\/multisenal.com\/wp-content\/uploads\/2023\/10\/Logo-Multisenal-Blanco.webp","width":1024,"height":293,"caption":"Multisenal"},"image":{"@id":"https:\/\/lightsteelblue-wasp-630432.hostingersite.com\/#\/schema\/logo\/image\/"},"sameAs":["https:\/\/www.facebook.com\/multisenal\/","https:\/\/twitter.com\/multisenal","https:\/\/www.instagram.com\/multisenalmx\/","https:\/\/www.youtube.com\/@multisenaloficial","https:\/\/www.linkedin.com\/company\/multisenalmexico\/"]}]}},"_links":{"self":[{"href":"https:\/\/multisenal.com\/en\/wp-json\/wp\/v2\/product\/29665","targetHints":{"allow":["GET"]}}],"collection":[{"href":"https:\/\/multisenal.com\/en\/wp-json\/wp\/v2\/product"}],"about":[{"href":"https:\/\/multisenal.com\/en\/wp-json\/wp\/v2\/types\/product"}],"replies":[{"embeddable":true,"href":"https:\/\/multisenal.com\/en\/wp-json\/wp\/v2\/comments?post=29665"}],"wp:featuredmedia":[{"embeddable":true,"href":"https:\/\/multisenal.com\/en\/wp-json\/wp\/v2\/media\/24374"}],"wp:attachment":[{"href":"https:\/\/multisenal.com\/en\/wp-json\/wp\/v2\/media?parent=29665"}],"wp:term":[{"taxonomy":"product_brand","embeddable":true,"href":"https:\/\/multisenal.com\/en\/wp-json\/wp\/v2\/product_brand?post=29665"},{"taxonomy":"product_cat","embeddable":true,"href":"https:\/\/multisenal.com\/en\/wp-json\/wp\/v2\/product_cat?post=29665"},{"taxonomy":"product_tag","embeddable":true,"href":"https:\/\/multisenal.com\/en\/wp-json\/wp\/v2\/product_tag?post=29665"}],"curies":[{"name":"wp","href":"https:\/\/api.w.org\/{rel}","templated":true}]}}