{"id":29668,"date":"2025-02-21T10:16:01","date_gmt":"2025-02-21T16:16:01","guid":{"rendered":"https:\/\/multisenal.com\/?post_type=product&#038;p=29668"},"modified":"2025-05-21T18:28:34","modified_gmt":"2025-05-22T00:28:34","slug":"plastic-bollard","status":"publish","type":"product","link":"https:\/\/multisenal.com\/en\/producto\/plastic-bollard\/","title":{"rendered":"Plastic Bollard"},"content":{"rendered":"<p style=\"font-weight: 400;\">Transform your city into a safer and pleasant space for everyone with our elegant Plastic Bollard.<\/p>\n<p>More than a simple aesthetic improvement, <a href=\"https:\/\/multisenal.com\/categoria-producto\/bolardos\/\">these devices<\/a> perform a crucial role in safety of pedestrians and motorists. Create an urban environment where everyone can move with trust and calm.<\/p>\n<p>With a robust and resistant design, the Plastic Bollard is the perfect complement for all the <a href=\"https:\/\/www.fhwa.dot.gov\/policyinformation\/travel_monitoring\/tvt.cfm\">traffic<\/a> roads, from the busiest to the quitest.<\/p>\n<p>Their main purpose is to reduce speed effectively, providing a physical barrier that can stop a vehicle in case of collision. Prevents severe accidents and protects people as urban infrastructure.<\/p>\n<p>Manufactured in polyflexy of high resistance and with UV protection, our bollards guarantee durability and resistance, even during night.<\/p>\n<p>Whether is to delineate specific areas, as pedestrian zones or play areas, or to prevent vehicles invade sidewalks and reserved spaces, our bollards are the ideal choice to improve safety in your city.<\/p>\n<p>Mark the different and make your citizens feel more comfortable with the Plastic Bollard.<\/p>\n<p>With their easy installation, offers a unique protection that ease free transit of pedestrians and provide greater safety in all the areas of your city.<\/p>\n<p>Set them in rows to avoid motorists park in prohibited areas. Create a better circulation with the presence of these road devices.<\/p>\n<p>Their main function is to protect their pleasant and elegant design that makes it friendly with all city. It is a device that provides a better and more flashing view to all streets and delineate exclusive spaces.<\/p>\n","protected":false},"excerpt":{"rendered":"<p><strong>Nombre: Bolardo de vida 110<\/strong><\/p>\n<p><strong>C\u00f3digo: BO-VDA-110<\/strong><\/p>\n","protected":false},"featured_media":23941,"comment_status":"open","ping_status":"closed","template":"","meta":[],"product_brand":[],"product_cat":[45],"product_tag":[133],"class_list":{"0":"post-29668","1":"product","2":"type-product","3":"status-publish","4":"has-post-thumbnail","6":"product_cat-bolardos","7":"product_tag-ingles","9":"first","10":"instock","11":"shipping-taxable","12":"product-type-simple"},"yoast_head":"<!-- This site is optimized with the Yoast SEO Premium plugin v22.3 (Yoast SEO v22.4) - https:\/\/yoast.com\/wordpress\/plugins\/seo\/ -->\n<title>Plastic Bollard - Multisenal<\/title>\n<meta name=\"description\" content=\"Plastic Bollard with an elegant design. The Plastic Bollard is the perfect option to delineate prohibited zones to cars and protect them in impacts.\" \/>\n<meta name=\"robots\" content=\"index, follow, max-snippet:-1, max-image-preview:large, max-video-preview:-1\" \/>\n<link rel=\"canonical\" href=\"https:\/\/multisenal.com\/en\/producto\/plastic-bollard\/\" \/>\n<meta property=\"og:locale\" content=\"en_US\" \/>\n<meta property=\"og:type\" content=\"article\" \/>\n<meta property=\"og:title\" content=\"Plastic Bollard\" \/>\n<meta property=\"og:description\" content=\"Plastic Bollard with an elegant design. The Plastic Bollard is the perfect option to delineate prohibited zones to cars and protect them in impacts.\" \/>\n<meta property=\"og:url\" content=\"https:\/\/multisenal.com\/en\/producto\/plastic-bollard\/\" \/>\n<meta property=\"og:site_name\" content=\"Multisenal\" \/>\n<meta property=\"article:publisher\" content=\"https:\/\/www.facebook.com\/multisenal\/\" \/>\n<meta property=\"article:modified_time\" content=\"2025-05-22T00:28:34+00:00\" \/>\n<meta property=\"og:image\" content=\"https:\/\/multisenal.com\/wp-content\/uploads\/2024\/05\/Bolardo-BO-VDA-110.webp\" \/>\n\t<meta property=\"og:image:width\" content=\"1200\" \/>\n\t<meta property=\"og:image:height\" content=\"1200\" \/>\n\t<meta property=\"og:image:type\" content=\"image\/webp\" \/>\n<meta name=\"twitter:card\" content=\"summary_large_image\" \/>\n<meta name=\"twitter:site\" content=\"@multisenal\" \/>\n<meta name=\"twitter:label1\" content=\"Est. reading time\" \/>\n\t<meta name=\"twitter:data1\" content=\"2 minutes\" \/>\n<script type=\"application\/ld+json\" class=\"yoast-schema-graph\">{\"@context\":\"https:\/\/schema.org\",\"@graph\":[{\"@type\":\"WebPage\",\"@id\":\"https:\/\/multisenal.com\/en\/producto\/plastic-bollard\/\",\"url\":\"https:\/\/multisenal.com\/en\/producto\/plastic-bollard\/\",\"name\":\"Plastic Bollard - Multisenal\",\"isPartOf\":{\"@id\":\"https:\/\/lightsteelblue-wasp-630432.hostingersite.com\/#website\"},\"primaryImageOfPage\":{\"@id\":\"https:\/\/multisenal.com\/en\/producto\/plastic-bollard\/#primaryimage\"},\"image\":{\"@id\":\"https:\/\/multisenal.com\/en\/producto\/plastic-bollard\/#primaryimage\"},\"thumbnailUrl\":\"https:\/\/multisenal.com\/wp-content\/uploads\/2024\/05\/Bolardo-BO-VDA-110.webp\",\"datePublished\":\"2025-02-21T16:16:01+00:00\",\"dateModified\":\"2025-05-22T00:28:34+00:00\",\"description\":\"Plastic Bollard with an elegant design. The Plastic Bollard is the perfect option to delineate prohibited zones to cars and protect them in impacts.\",\"breadcrumb\":{\"@id\":\"https:\/\/multisenal.com\/en\/producto\/plastic-bollard\/#breadcrumb\"},\"inLanguage\":\"en-US\",\"potentialAction\":[{\"@type\":\"ReadAction\",\"target\":[\"https:\/\/multisenal.com\/en\/producto\/plastic-bollard\/\"]}]},{\"@type\":\"ImageObject\",\"inLanguage\":\"en-US\",\"@id\":\"https:\/\/multisenal.com\/en\/producto\/plastic-bollard\/#primaryimage\",\"url\":\"https:\/\/multisenal.com\/wp-content\/uploads\/2024\/05\/Bolardo-BO-VDA-110.webp\",\"contentUrl\":\"https:\/\/multisenal.com\/wp-content\/uploads\/2024\/05\/Bolardo-BO-VDA-110.webp\",\"width\":1200,\"height\":1200,\"caption\":\"Con un dise\u00f1o elegante, el bolardo urbano es la opci\u00f3n perfecta para delimitar zonas prohibidas a autom\u00f3viles y protegerlas en caso de impacto.\"},{\"@type\":\"BreadcrumbList\",\"@id\":\"https:\/\/multisenal.com\/en\/producto\/plastic-bollard\/#breadcrumb\",\"itemListElement\":[{\"@type\":\"ListItem\",\"position\":1,\"name\":\"Inicio\",\"item\":\"https:\/\/multisenal.com\/\"},{\"@type\":\"ListItem\",\"position\":2,\"name\":\"Tienda\",\"item\":\"https:\/\/multisenal.com\/tienda\/\"},{\"@type\":\"ListItem\",\"position\":3,\"name\":\"Plastic Bollard\"}]},{\"@type\":\"WebSite\",\"@id\":\"https:\/\/lightsteelblue-wasp-630432.hostingersite.com\/#website\",\"url\":\"https:\/\/lightsteelblue-wasp-630432.hostingersite.com\/\",\"name\":\"Multisenal\",\"description\":\"Fabricante L\u00edder en Seguridad Vial\",\"publisher\":{\"@id\":\"https:\/\/lightsteelblue-wasp-630432.hostingersite.com\/#organization\"},\"potentialAction\":[{\"@type\":\"SearchAction\",\"target\":{\"@type\":\"EntryPoint\",\"urlTemplate\":\"https:\/\/lightsteelblue-wasp-630432.hostingersite.com\/?s={search_term_string}\"},\"query-input\":\"required name=search_term_string\"}],\"inLanguage\":\"en-US\"},{\"@type\":\"Organization\",\"@id\":\"https:\/\/lightsteelblue-wasp-630432.hostingersite.com\/#organization\",\"name\":\"Multisenal\",\"url\":\"https:\/\/lightsteelblue-wasp-630432.hostingersite.com\/\",\"logo\":{\"@type\":\"ImageObject\",\"inLanguage\":\"en-US\",\"@id\":\"https:\/\/lightsteelblue-wasp-630432.hostingersite.com\/#\/schema\/logo\/image\/\",\"url\":\"https:\/\/multisenal.com\/wp-content\/uploads\/2023\/10\/Logo-Multisenal-Blanco.webp\",\"contentUrl\":\"https:\/\/multisenal.com\/wp-content\/uploads\/2023\/10\/Logo-Multisenal-Blanco.webp\",\"width\":1024,\"height\":293,\"caption\":\"Multisenal\"},\"image\":{\"@id\":\"https:\/\/lightsteelblue-wasp-630432.hostingersite.com\/#\/schema\/logo\/image\/\"},\"sameAs\":[\"https:\/\/www.facebook.com\/multisenal\/\",\"https:\/\/twitter.com\/multisenal\",\"https:\/\/www.instagram.com\/multisenalmx\/\",\"https:\/\/www.youtube.com\/@multisenaloficial\",\"https:\/\/www.linkedin.com\/company\/multisenalmexico\/\"]}]}<\/script>\n<!-- \/ Yoast SEO Premium plugin. -->","yoast_head_json":{"title":"Plastic Bollard - Multisenal","description":"Plastic Bollard with an elegant design. The Plastic Bollard is the perfect option to delineate prohibited zones to cars and protect them in impacts.","robots":{"index":"index","follow":"follow","max-snippet":"max-snippet:-1","max-image-preview":"max-image-preview:large","max-video-preview":"max-video-preview:-1"},"canonical":"https:\/\/multisenal.com\/en\/producto\/plastic-bollard\/","og_locale":"en_US","og_type":"article","og_title":"Plastic Bollard","og_description":"Plastic Bollard with an elegant design. The Plastic Bollard is the perfect option to delineate prohibited zones to cars and protect them in impacts.","og_url":"https:\/\/multisenal.com\/en\/producto\/plastic-bollard\/","og_site_name":"Multisenal","article_publisher":"https:\/\/www.facebook.com\/multisenal\/","article_modified_time":"2025-05-22T00:28:34+00:00","og_image":[{"width":1200,"height":1200,"url":"https:\/\/multisenal.com\/wp-content\/uploads\/2024\/05\/Bolardo-BO-VDA-110.webp","type":"image\/webp"}],"twitter_card":"summary_large_image","twitter_site":"@multisenal","twitter_misc":{"Est. reading time":"2 minutes"},"schema":{"@context":"https:\/\/schema.org","@graph":[{"@type":"WebPage","@id":"https:\/\/multisenal.com\/en\/producto\/plastic-bollard\/","url":"https:\/\/multisenal.com\/en\/producto\/plastic-bollard\/","name":"Plastic Bollard - Multisenal","isPartOf":{"@id":"https:\/\/lightsteelblue-wasp-630432.hostingersite.com\/#website"},"primaryImageOfPage":{"@id":"https:\/\/multisenal.com\/en\/producto\/plastic-bollard\/#primaryimage"},"image":{"@id":"https:\/\/multisenal.com\/en\/producto\/plastic-bollard\/#primaryimage"},"thumbnailUrl":"https:\/\/multisenal.com\/wp-content\/uploads\/2024\/05\/Bolardo-BO-VDA-110.webp","datePublished":"2025-02-21T16:16:01+00:00","dateModified":"2025-05-22T00:28:34+00:00","description":"Plastic Bollard with an elegant design. The Plastic Bollard is the perfect option to delineate prohibited zones to cars and protect them in impacts.","breadcrumb":{"@id":"https:\/\/multisenal.com\/en\/producto\/plastic-bollard\/#breadcrumb"},"inLanguage":"en-US","potentialAction":[{"@type":"ReadAction","target":["https:\/\/multisenal.com\/en\/producto\/plastic-bollard\/"]}]},{"@type":"ImageObject","inLanguage":"en-US","@id":"https:\/\/multisenal.com\/en\/producto\/plastic-bollard\/#primaryimage","url":"https:\/\/multisenal.com\/wp-content\/uploads\/2024\/05\/Bolardo-BO-VDA-110.webp","contentUrl":"https:\/\/multisenal.com\/wp-content\/uploads\/2024\/05\/Bolardo-BO-VDA-110.webp","width":1200,"height":1200,"caption":"Con un dise\u00f1o elegante, el bolardo urbano es la opci\u00f3n perfecta para delimitar zonas prohibidas a autom\u00f3viles y protegerlas en caso de impacto."},{"@type":"BreadcrumbList","@id":"https:\/\/multisenal.com\/en\/producto\/plastic-bollard\/#breadcrumb","itemListElement":[{"@type":"ListItem","position":1,"name":"Inicio","item":"https:\/\/multisenal.com\/"},{"@type":"ListItem","position":2,"name":"Tienda","item":"https:\/\/multisenal.com\/tienda\/"},{"@type":"ListItem","position":3,"name":"Plastic Bollard"}]},{"@type":"WebSite","@id":"https:\/\/lightsteelblue-wasp-630432.hostingersite.com\/#website","url":"https:\/\/lightsteelblue-wasp-630432.hostingersite.com\/","name":"Multisenal","description":"Fabricante L\u00edder en Seguridad Vial","publisher":{"@id":"https:\/\/lightsteelblue-wasp-630432.hostingersite.com\/#organization"},"potentialAction":[{"@type":"SearchAction","target":{"@type":"EntryPoint","urlTemplate":"https:\/\/lightsteelblue-wasp-630432.hostingersite.com\/?s={search_term_string}"},"query-input":"required name=search_term_string"}],"inLanguage":"en-US"},{"@type":"Organization","@id":"https:\/\/lightsteelblue-wasp-630432.hostingersite.com\/#organization","name":"Multisenal","url":"https:\/\/lightsteelblue-wasp-630432.hostingersite.com\/","logo":{"@type":"ImageObject","inLanguage":"en-US","@id":"https:\/\/lightsteelblue-wasp-630432.hostingersite.com\/#\/schema\/logo\/image\/","url":"https:\/\/multisenal.com\/wp-content\/uploads\/2023\/10\/Logo-Multisenal-Blanco.webp","contentUrl":"https:\/\/multisenal.com\/wp-content\/uploads\/2023\/10\/Logo-Multisenal-Blanco.webp","width":1024,"height":293,"caption":"Multisenal"},"image":{"@id":"https:\/\/lightsteelblue-wasp-630432.hostingersite.com\/#\/schema\/logo\/image\/"},"sameAs":["https:\/\/www.facebook.com\/multisenal\/","https:\/\/twitter.com\/multisenal","https:\/\/www.instagram.com\/multisenalmx\/","https:\/\/www.youtube.com\/@multisenaloficial","https:\/\/www.linkedin.com\/company\/multisenalmexico\/"]}]}},"_links":{"self":[{"href":"https:\/\/multisenal.com\/en\/wp-json\/wp\/v2\/product\/29668","targetHints":{"allow":["GET"]}}],"collection":[{"href":"https:\/\/multisenal.com\/en\/wp-json\/wp\/v2\/product"}],"about":[{"href":"https:\/\/multisenal.com\/en\/wp-json\/wp\/v2\/types\/product"}],"replies":[{"embeddable":true,"href":"https:\/\/multisenal.com\/en\/wp-json\/wp\/v2\/comments?post=29668"}],"wp:featuredmedia":[{"embeddable":true,"href":"https:\/\/multisenal.com\/en\/wp-json\/wp\/v2\/media\/23941"}],"wp:attachment":[{"href":"https:\/\/multisenal.com\/en\/wp-json\/wp\/v2\/media?parent=29668"}],"wp:term":[{"taxonomy":"product_brand","embeddable":true,"href":"https:\/\/multisenal.com\/en\/wp-json\/wp\/v2\/product_brand?post=29668"},{"taxonomy":"product_cat","embeddable":true,"href":"https:\/\/multisenal.com\/en\/wp-json\/wp\/v2\/product_cat?post=29668"},{"taxonomy":"product_tag","embeddable":true,"href":"https:\/\/multisenal.com\/en\/wp-json\/wp\/v2\/product_tag?post=29668"}],"curies":[{"name":"wp","href":"https:\/\/api.w.org\/{rel}","templated":true}]}}