{"id":31466,"date":"2025-03-11T11:50:07","date_gmt":"2025-03-11T17:50:07","guid":{"rendered":"https:\/\/multisenal.com\/?post_type=product&#038;p=31466"},"modified":"2025-03-20T08:50:29","modified_gmt":"2025-03-20T14:50:29","slug":"led-safety-cone","status":"publish","type":"product","link":"https:\/\/multisenal.com\/en\/producto\/led-safety-cone\/","title":{"rendered":"Led Safety Cone"},"content":{"rendered":"<h2>Led Safety Cone<\/h2>\n<p>The Led Safety Cone is a <a href=\"https:\/\/www.nhtsa.gov\/road-safety\">road safety<\/a> device used to warn motorists and pedestrians of danger or work zones.<\/p>\n<p>These are manufactured in resistant and durable materials, and have a heavyweight base that make them stable and difficult to knock over.<\/p>\n<p><strong>Key features:<\/strong><\/p>\n<ul data-sourcepos=\"7:1-11:0\">\n<li data-sourcepos=\"7:1-7:244\"><strong>Semi-flexible:<\/strong> Led Safety Cone is semi-flexible, resistant to shocks and impacts. This is ideal for their use in work zones, where can be impacted by vehicles or heavy machinery.<\/li>\n<li data-sourcepos=\"8:1-8:232\"><strong>Hexagonal base:<\/strong> the hexagonal base of the cone provides a greater stability than round bases. This reduces the risk of knock over cones even in strong wind conditions.<\/li>\n<li data-sourcepos=\"9:1-9:267\"><strong>Resistant to UV rays: <\/strong>the cone is manufactured in materials resistant to UV rays. This allow them to maintain its color and visibility during long periods of time, even when they are exposed to direct solar light.<\/li>\n<li data-sourcepos=\"10:1-11:0\"><strong>Reflective material:<\/strong> the LED safety cone can have reflective bands that increase visibility in low light conditions. This helps motorists and pedestrians to see cones with more clarity and take the necessary measures to avoid accidents.<\/li>\n<\/ul>\n<h6 data-sourcepos=\"12:1-12:9\"><strong>Uses:<\/strong><\/h6>\n<p>Used in an ample variety of environment, including:<\/p>\n<ul data-sourcepos=\"16:1-20:0\">\n<li data-sourcepos=\"16:1-16:162\"><strong>Construction works:<\/strong> used to delineate road works and warn to motorists and drivers of danger.<\/li>\n<li data-sourcepos=\"17:1-17:149\"><strong>Sport events:<\/strong> used to delineate safety zones to control flow of people in great events.<\/li>\n<li data-sourcepos=\"18:1-18:166\"><strong>Crowd control:<\/strong> control the flow of people in events, such as concerts or manifestations.<\/li>\n<li data-sourcepos=\"19:1-20:0\"><strong>Car accidents:<\/strong> used to delineate accident zones and help to maintain the traffic flow.<\/li>\n<\/ul>\n<h6 data-sourcepos=\"21:1-21:13\"><strong>Advantages:<\/strong><\/h6>\n<p>Offer a series of advantages, among them include:<\/p>\n<ul data-sourcepos=\"25:1-28:0\">\n<li data-sourcepos=\"25:1-25:142\"><strong>Safety:<\/strong> help to prevent accidents when warning to motorists and pedestrians of work zones.<\/li>\n<li data-sourcepos=\"26:1-26:115\"><strong>Visibility:<\/strong> visible at distance, even in low light conditions.<\/li>\n<li data-sourcepos=\"27:1-28:0\"><strong>Durability:<\/strong> manufactured in resistant and durable materials, ideal for its use in demanding environments.<\/li>\n<\/ul>\n<h3>Measures:<\/h3>\n<ul>\n<li>Hexagonal base: 7.8 in per side.<\/li>\n<li>Height: 59.0 in.<\/li>\n<li>Diameter of advertisement: 11.8 in.<\/li>\n<li>Colors: orange with black base<\/li>\n<\/ul>\n<p>&nbsp;<\/p>\n<p>Explore our great variety of traffic cones, such as the <a href=\"https:\/\/multisenal.com\/producto\/conos-de-senalamiento\/\">Custom Traffic Cones<\/a>, of excellent quality and great performance.<\/p>\n","protected":false},"excerpt":{"rendered":"<p>C\u00f3digo: CN-INF LUZ<\/p>\n<p>&nbsp;<\/p>\n","protected":false},"featured_media":12437,"comment_status":"open","ping_status":"closed","template":"","meta":[],"product_brand":[],"product_cat":[40],"product_tag":[133],"class_list":{"0":"post-31466","1":"product","2":"type-product","3":"status-publish","4":"has-post-thumbnail","6":"product_cat-conos-viales","7":"product_tag-ingles","9":"first","10":"instock","11":"shipping-taxable","12":"product-type-simple"},"yoast_head":"<!-- This site is optimized with the Yoast SEO Premium plugin v22.3 (Yoast SEO v22.4) - https:\/\/yoast.com\/wordpress\/plugins\/seo\/ -->\n<title>Led Safety Cone - Multisenal<\/title>\n<meta name=\"description\" content=\"Conos de se\u00f1alizaci\u00f3n de obras de alta visibilidad, fabricados en pl\u00e1stico de alta densidad. Ideales para delimitar zonas de peligro en obras viales.\" \/>\n<meta name=\"robots\" content=\"index, follow, max-snippet:-1, max-image-preview:large, max-video-preview:-1\" \/>\n<link rel=\"canonical\" href=\"https:\/\/multisenal.com\/en\/producto\/conos-de-senalizacion-de-obras\/\" \/>\n<meta property=\"og:locale\" content=\"en_US\" \/>\n<meta property=\"og:type\" content=\"article\" \/>\n<meta property=\"og:title\" content=\"Led Safety Cone\" \/>\n<meta property=\"og:description\" content=\"Conos de se\u00f1alizaci\u00f3n de obras de alta visibilidad, fabricados en pl\u00e1stico de alta densidad. Ideales para delimitar zonas de peligro en obras viales.\" \/>\n<meta property=\"og:url\" content=\"https:\/\/multisenal.com\/producto\/conos-de-senalizacion-de-obras\/\" \/>\n<meta property=\"og:site_name\" content=\"Multisenal\" \/>\n<meta property=\"article:publisher\" content=\"https:\/\/www.facebook.com\/multisenal\/\" \/>\n<meta property=\"article:modified_time\" content=\"2025-03-20T14:50:29+00:00\" \/>\n<meta property=\"og:image\" content=\"https:\/\/multisenal.com\/wp-content\/uploads\/2023\/11\/CN-INF-LUZ.png\" \/>\n\t<meta property=\"og:image:width\" content=\"800\" \/>\n\t<meta property=\"og:image:height\" content=\"800\" \/>\n\t<meta property=\"og:image:type\" content=\"image\/png\" \/>\n<meta name=\"twitter:card\" content=\"summary_large_image\" \/>\n<meta name=\"twitter:site\" content=\"@multisenal\" \/>\n<meta name=\"twitter:label1\" content=\"Est. reading time\" \/>\n\t<meta name=\"twitter:data1\" content=\"2 minutes\" \/>\n<script type=\"application\/ld+json\" class=\"yoast-schema-graph\">{\"@context\":\"https:\/\/schema.org\",\"@graph\":[{\"@type\":\"WebPage\",\"@id\":\"https:\/\/multisenal.com\/producto\/conos-de-senalizacion-de-obras\/\",\"url\":\"https:\/\/multisenal.com\/producto\/conos-de-senalizacion-de-obras\/\",\"name\":\"Led Safety Cone - Multisenal\",\"isPartOf\":{\"@id\":\"https:\/\/lightsteelblue-wasp-630432.hostingersite.com\/#website\"},\"primaryImageOfPage\":{\"@id\":\"https:\/\/multisenal.com\/producto\/conos-de-senalizacion-de-obras\/#primaryimage\"},\"image\":{\"@id\":\"https:\/\/multisenal.com\/producto\/conos-de-senalizacion-de-obras\/#primaryimage\"},\"thumbnailUrl\":\"https:\/\/multisenal.com\/wp-content\/uploads\/2023\/11\/CN-INF-LUZ.png\",\"datePublished\":\"2025-03-11T17:50:07+00:00\",\"dateModified\":\"2025-03-20T14:50:29+00:00\",\"description\":\"Conos de se\u00f1alizaci\u00f3n de obras de alta visibilidad, fabricados en pl\u00e1stico de alta densidad. Ideales para delimitar zonas de peligro en obras viales.\",\"breadcrumb\":{\"@id\":\"https:\/\/multisenal.com\/producto\/conos-de-senalizacion-de-obras\/#breadcrumb\"},\"inLanguage\":\"en-US\",\"potentialAction\":[{\"@type\":\"ReadAction\",\"target\":[\"https:\/\/multisenal.com\/producto\/conos-de-senalizacion-de-obras\/\"]}]},{\"@type\":\"ImageObject\",\"inLanguage\":\"en-US\",\"@id\":\"https:\/\/multisenal.com\/producto\/conos-de-senalizacion-de-obras\/#primaryimage\",\"url\":\"https:\/\/multisenal.com\/wp-content\/uploads\/2023\/11\/CN-INF-LUZ.png\",\"contentUrl\":\"https:\/\/multisenal.com\/wp-content\/uploads\/2023\/11\/CN-INF-LUZ.png\",\"width\":800,\"height\":800,\"caption\":\"conos de senalizacion de obras\"},{\"@type\":\"BreadcrumbList\",\"@id\":\"https:\/\/multisenal.com\/producto\/conos-de-senalizacion-de-obras\/#breadcrumb\",\"itemListElement\":[{\"@type\":\"ListItem\",\"position\":1,\"name\":\"Inicio\",\"item\":\"https:\/\/multisenal.com\/\"},{\"@type\":\"ListItem\",\"position\":2,\"name\":\"Tienda\",\"item\":\"https:\/\/multisenal.com\/tienda\/\"},{\"@type\":\"ListItem\",\"position\":3,\"name\":\"Led Safety Cone\"}]},{\"@type\":\"WebSite\",\"@id\":\"https:\/\/lightsteelblue-wasp-630432.hostingersite.com\/#website\",\"url\":\"https:\/\/lightsteelblue-wasp-630432.hostingersite.com\/\",\"name\":\"Multisenal\",\"description\":\"Fabricante L\u00edder en Seguridad Vial\",\"publisher\":{\"@id\":\"https:\/\/lightsteelblue-wasp-630432.hostingersite.com\/#organization\"},\"potentialAction\":[{\"@type\":\"SearchAction\",\"target\":{\"@type\":\"EntryPoint\",\"urlTemplate\":\"https:\/\/lightsteelblue-wasp-630432.hostingersite.com\/?s={search_term_string}\"},\"query-input\":\"required name=search_term_string\"}],\"inLanguage\":\"en-US\"},{\"@type\":\"Organization\",\"@id\":\"https:\/\/lightsteelblue-wasp-630432.hostingersite.com\/#organization\",\"name\":\"Multisenal\",\"url\":\"https:\/\/lightsteelblue-wasp-630432.hostingersite.com\/\",\"logo\":{\"@type\":\"ImageObject\",\"inLanguage\":\"en-US\",\"@id\":\"https:\/\/lightsteelblue-wasp-630432.hostingersite.com\/#\/schema\/logo\/image\/\",\"url\":\"https:\/\/multisenal.com\/wp-content\/uploads\/2023\/10\/Logo-Multisenal-Blanco.webp\",\"contentUrl\":\"https:\/\/multisenal.com\/wp-content\/uploads\/2023\/10\/Logo-Multisenal-Blanco.webp\",\"width\":1024,\"height\":293,\"caption\":\"Multisenal\"},\"image\":{\"@id\":\"https:\/\/lightsteelblue-wasp-630432.hostingersite.com\/#\/schema\/logo\/image\/\"},\"sameAs\":[\"https:\/\/www.facebook.com\/multisenal\/\",\"https:\/\/twitter.com\/multisenal\",\"https:\/\/www.instagram.com\/multisenalmx\/\",\"https:\/\/www.youtube.com\/@multisenaloficial\",\"https:\/\/www.linkedin.com\/company\/multisenalmexico\/\"]}]}<\/script>\n<!-- \/ Yoast SEO Premium plugin. -->","yoast_head_json":{"title":"Led Safety Cone - Multisenal","description":"Conos de se\u00f1alizaci\u00f3n de obras de alta visibilidad, fabricados en pl\u00e1stico de alta densidad. Ideales para delimitar zonas de peligro en obras viales.","robots":{"index":"index","follow":"follow","max-snippet":"max-snippet:-1","max-image-preview":"max-image-preview:large","max-video-preview":"max-video-preview:-1"},"canonical":"https:\/\/multisenal.com\/en\/producto\/conos-de-senalizacion-de-obras\/","og_locale":"en_US","og_type":"article","og_title":"Led Safety Cone","og_description":"Conos de se\u00f1alizaci\u00f3n de obras de alta visibilidad, fabricados en pl\u00e1stico de alta densidad. Ideales para delimitar zonas de peligro en obras viales.","og_url":"https:\/\/multisenal.com\/producto\/conos-de-senalizacion-de-obras\/","og_site_name":"Multisenal","article_publisher":"https:\/\/www.facebook.com\/multisenal\/","article_modified_time":"2025-03-20T14:50:29+00:00","og_image":[{"width":800,"height":800,"url":"https:\/\/multisenal.com\/wp-content\/uploads\/2023\/11\/CN-INF-LUZ.png","type":"image\/png"}],"twitter_card":"summary_large_image","twitter_site":"@multisenal","twitter_misc":{"Est. reading time":"2 minutes"},"schema":{"@context":"https:\/\/schema.org","@graph":[{"@type":"WebPage","@id":"https:\/\/multisenal.com\/producto\/conos-de-senalizacion-de-obras\/","url":"https:\/\/multisenal.com\/producto\/conos-de-senalizacion-de-obras\/","name":"Led Safety Cone - Multisenal","isPartOf":{"@id":"https:\/\/lightsteelblue-wasp-630432.hostingersite.com\/#website"},"primaryImageOfPage":{"@id":"https:\/\/multisenal.com\/producto\/conos-de-senalizacion-de-obras\/#primaryimage"},"image":{"@id":"https:\/\/multisenal.com\/producto\/conos-de-senalizacion-de-obras\/#primaryimage"},"thumbnailUrl":"https:\/\/multisenal.com\/wp-content\/uploads\/2023\/11\/CN-INF-LUZ.png","datePublished":"2025-03-11T17:50:07+00:00","dateModified":"2025-03-20T14:50:29+00:00","description":"Conos de se\u00f1alizaci\u00f3n de obras de alta visibilidad, fabricados en pl\u00e1stico de alta densidad. Ideales para delimitar zonas de peligro en obras viales.","breadcrumb":{"@id":"https:\/\/multisenal.com\/producto\/conos-de-senalizacion-de-obras\/#breadcrumb"},"inLanguage":"en-US","potentialAction":[{"@type":"ReadAction","target":["https:\/\/multisenal.com\/producto\/conos-de-senalizacion-de-obras\/"]}]},{"@type":"ImageObject","inLanguage":"en-US","@id":"https:\/\/multisenal.com\/producto\/conos-de-senalizacion-de-obras\/#primaryimage","url":"https:\/\/multisenal.com\/wp-content\/uploads\/2023\/11\/CN-INF-LUZ.png","contentUrl":"https:\/\/multisenal.com\/wp-content\/uploads\/2023\/11\/CN-INF-LUZ.png","width":800,"height":800,"caption":"conos de senalizacion de obras"},{"@type":"BreadcrumbList","@id":"https:\/\/multisenal.com\/producto\/conos-de-senalizacion-de-obras\/#breadcrumb","itemListElement":[{"@type":"ListItem","position":1,"name":"Inicio","item":"https:\/\/multisenal.com\/"},{"@type":"ListItem","position":2,"name":"Tienda","item":"https:\/\/multisenal.com\/tienda\/"},{"@type":"ListItem","position":3,"name":"Led Safety Cone"}]},{"@type":"WebSite","@id":"https:\/\/lightsteelblue-wasp-630432.hostingersite.com\/#website","url":"https:\/\/lightsteelblue-wasp-630432.hostingersite.com\/","name":"Multisenal","description":"Fabricante L\u00edder en Seguridad Vial","publisher":{"@id":"https:\/\/lightsteelblue-wasp-630432.hostingersite.com\/#organization"},"potentialAction":[{"@type":"SearchAction","target":{"@type":"EntryPoint","urlTemplate":"https:\/\/lightsteelblue-wasp-630432.hostingersite.com\/?s={search_term_string}"},"query-input":"required name=search_term_string"}],"inLanguage":"en-US"},{"@type":"Organization","@id":"https:\/\/lightsteelblue-wasp-630432.hostingersite.com\/#organization","name":"Multisenal","url":"https:\/\/lightsteelblue-wasp-630432.hostingersite.com\/","logo":{"@type":"ImageObject","inLanguage":"en-US","@id":"https:\/\/lightsteelblue-wasp-630432.hostingersite.com\/#\/schema\/logo\/image\/","url":"https:\/\/multisenal.com\/wp-content\/uploads\/2023\/10\/Logo-Multisenal-Blanco.webp","contentUrl":"https:\/\/multisenal.com\/wp-content\/uploads\/2023\/10\/Logo-Multisenal-Blanco.webp","width":1024,"height":293,"caption":"Multisenal"},"image":{"@id":"https:\/\/lightsteelblue-wasp-630432.hostingersite.com\/#\/schema\/logo\/image\/"},"sameAs":["https:\/\/www.facebook.com\/multisenal\/","https:\/\/twitter.com\/multisenal","https:\/\/www.instagram.com\/multisenalmx\/","https:\/\/www.youtube.com\/@multisenaloficial","https:\/\/www.linkedin.com\/company\/multisenalmexico\/"]}]}},"_links":{"self":[{"href":"https:\/\/multisenal.com\/en\/wp-json\/wp\/v2\/product\/31466","targetHints":{"allow":["GET"]}}],"collection":[{"href":"https:\/\/multisenal.com\/en\/wp-json\/wp\/v2\/product"}],"about":[{"href":"https:\/\/multisenal.com\/en\/wp-json\/wp\/v2\/types\/product"}],"replies":[{"embeddable":true,"href":"https:\/\/multisenal.com\/en\/wp-json\/wp\/v2\/comments?post=31466"}],"wp:featuredmedia":[{"embeddable":true,"href":"https:\/\/multisenal.com\/en\/wp-json\/wp\/v2\/media\/12437"}],"wp:attachment":[{"href":"https:\/\/multisenal.com\/en\/wp-json\/wp\/v2\/media?parent=31466"}],"wp:term":[{"taxonomy":"product_brand","embeddable":true,"href":"https:\/\/multisenal.com\/en\/wp-json\/wp\/v2\/product_brand?post=31466"},{"taxonomy":"product_cat","embeddable":true,"href":"https:\/\/multisenal.com\/en\/wp-json\/wp\/v2\/product_cat?post=31466"},{"taxonomy":"product_tag","embeddable":true,"href":"https:\/\/multisenal.com\/en\/wp-json\/wp\/v2\/product_tag?post=31466"}],"curies":[{"name":"wp","href":"https:\/\/api.w.org\/{rel}","templated":true}]}}