{"id":31476,"date":"2025-03-11T12:21:51","date_gmt":"2025-03-11T18:21:51","guid":{"rendered":"https:\/\/multisenal.com\/?post_type=product&#038;p=31476"},"modified":"2025-03-21T13:59:27","modified_gmt":"2025-03-21T19:59:27","slug":"portable-delineator","status":"publish","type":"product","link":"https:\/\/multisenal.com\/en\/producto\/portable-delineator\/","title":{"rendered":"Portable Delineator"},"content":{"rendered":"<h2>Portable Delineator<\/h2>\n<p>This flexible, separator and portable delineator offers a solution for your different control and delineation needs. It can be used by modules, its detachable design eases its use in a variety of contexts, from parking lots to school and commercial zones.<\/p>\n<ul>\n<li><strong>Adaptable y visible:<\/strong> its adaptable base to floor guarantees a safe and stable installation, while the reflective strips of high visibility (yellow, orange, green, blue, black or white) ensure its detection at distance.<\/li>\n<li><strong>Mobility and resistance: <\/strong>with mobility ability to 360\u00ba and inclination to 45\u00ba, this post easily adjust to different signage and control needs. Its resistance to shocks and impacts, combined with ability to return to original position, transforms it into a durable and reliable option.<\/li>\n<li><strong>Versatile configuration: <\/strong>screw type detachable pieces allow modern configurations, from 1 to 3 pieces, that ease adaptation to different height. Ideal for regulating vehicular traffic, marking restricted zones or defining circulation areas in specific hours.<\/li>\n<li><strong>Easy installation:<\/strong> installation is performed through a polyethylene pole inserted on pavement, providing stability and safety. The post is put and removed as many times as necessary, without interrupting circulation.<\/li>\n<\/ul>\n<h3><\/h3>\n<h3>Measures:<\/h3>\n<ul>\n<li>Diameter: 4.2 in<\/li>\n<li>Diameter base: 7.6 in<\/li>\n<li>Height: 44.6 in<\/li>\n<li>Colors: orange or yellow<\/li>\n<\/ul>\n<p>&nbsp;<\/p>\n<p>With the high visibility, resistance and versatility features, the <strong>put and remove post<\/strong> is the ideal option to improve safety and organization in a variety of environments, always guaranteeing an effective control and clear signage.<\/p>\n<p>Don\u2019t forget to explore more of our signage products such as the <a href=\"https:\/\/multisenal.com\/en\/producto\/roadway-delineators\/\">roadway delineators<\/a>. It is worth to mention that we manufacture and distribute these products, ensuring a total control on quality and availability.<\/p>\n","protected":false},"excerpt":{"rendered":"<p><strong>C\u00f3digo: IT-QP-03<\/strong><\/p>\n<p>&nbsp;<\/p>\n<p>&nbsp;<\/p>\n","protected":false},"featured_media":12160,"comment_status":"open","ping_status":"closed","template":"","meta":[],"product_brand":[],"product_cat":[43],"product_tag":[133],"class_list":{"0":"post-31476","1":"product","2":"type-product","3":"status-publish","4":"has-post-thumbnail","6":"product_cat-hitos","7":"product_tag-ingles","9":"first","10":"instock","11":"shipping-taxable","12":"product-type-simple"},"yoast_head":"<!-- This site is optimized with the Yoast SEO Premium plugin v22.3 (Yoast SEO v22.4) - https:\/\/yoast.com\/wordpress\/plugins\/seo\/ -->\n<title>Portable Delineator - Multisenal<\/title>\n<meta name=\"description\" content=\"Controla accesos y demarca \u00e1reas con nuestro hito quita y p\u00f3n grande. Vers\u00e1til, resistente y f\u00e1cil de instalar. \u00a1Mejora la seguridad hoy!\" \/>\n<meta name=\"robots\" content=\"index, follow, max-snippet:-1, max-image-preview:large, max-video-preview:-1\" \/>\n<link rel=\"canonical\" href=\"https:\/\/multisenal.com\/en\/producto\/portable-delineator\/\" \/>\n<meta property=\"og:locale\" content=\"en_US\" \/>\n<meta property=\"og:type\" content=\"article\" \/>\n<meta property=\"og:title\" content=\"Portable Delineator\" \/>\n<meta property=\"og:description\" content=\"Controla accesos y demarca \u00e1reas con nuestro hito quita y p\u00f3n grande. Vers\u00e1til, resistente y f\u00e1cil de instalar. \u00a1Mejora la seguridad hoy!\" \/>\n<meta property=\"og:url\" content=\"https:\/\/multisenal.com\/en\/producto\/portable-delineator\/\" \/>\n<meta property=\"og:site_name\" content=\"Multisenal\" \/>\n<meta property=\"article:publisher\" content=\"https:\/\/www.facebook.com\/multisenal\/\" \/>\n<meta property=\"article:modified_time\" content=\"2025-03-21T19:59:27+00:00\" \/>\n<meta property=\"og:image\" content=\"https:\/\/multisenal.com\/wp-content\/uploads\/2023\/11\/IT-QP-03.png\" \/>\n\t<meta property=\"og:image:width\" content=\"800\" \/>\n\t<meta property=\"og:image:height\" content=\"800\" \/>\n\t<meta property=\"og:image:type\" content=\"image\/png\" \/>\n<meta name=\"twitter:card\" content=\"summary_large_image\" \/>\n<meta name=\"twitter:site\" content=\"@multisenal\" \/>\n<meta name=\"twitter:label1\" content=\"Est. reading time\" \/>\n\t<meta name=\"twitter:data1\" content=\"2 minutes\" \/>\n<script type=\"application\/ld+json\" class=\"yoast-schema-graph\">{\"@context\":\"https:\/\/schema.org\",\"@graph\":[{\"@type\":\"WebPage\",\"@id\":\"https:\/\/multisenal.com\/en\/producto\/portable-delineator\/\",\"url\":\"https:\/\/multisenal.com\/en\/producto\/portable-delineator\/\",\"name\":\"Portable Delineator - Multisenal\",\"isPartOf\":{\"@id\":\"https:\/\/lightsteelblue-wasp-630432.hostingersite.com\/#website\"},\"primaryImageOfPage\":{\"@id\":\"https:\/\/multisenal.com\/en\/producto\/portable-delineator\/#primaryimage\"},\"image\":{\"@id\":\"https:\/\/multisenal.com\/en\/producto\/portable-delineator\/#primaryimage\"},\"thumbnailUrl\":\"https:\/\/multisenal.com\/wp-content\/uploads\/2023\/11\/IT-QP-03.png\",\"datePublished\":\"2025-03-11T18:21:51+00:00\",\"dateModified\":\"2025-03-21T19:59:27+00:00\",\"description\":\"Controla accesos y demarca \u00e1reas con nuestro hito quita y p\u00f3n grande. Vers\u00e1til, resistente y f\u00e1cil de instalar. \u00a1Mejora la seguridad hoy!\",\"breadcrumb\":{\"@id\":\"https:\/\/multisenal.com\/en\/producto\/portable-delineator\/#breadcrumb\"},\"inLanguage\":\"en-US\",\"potentialAction\":[{\"@type\":\"ReadAction\",\"target\":[\"https:\/\/multisenal.com\/en\/producto\/portable-delineator\/\"]}]},{\"@type\":\"ImageObject\",\"inLanguage\":\"en-US\",\"@id\":\"https:\/\/multisenal.com\/en\/producto\/portable-delineator\/#primaryimage\",\"url\":\"https:\/\/multisenal.com\/wp-content\/uploads\/2023\/11\/IT-QP-03.png\",\"contentUrl\":\"https:\/\/multisenal.com\/wp-content\/uploads\/2023\/11\/IT-QP-03.png\",\"width\":800,\"height\":800,\"caption\":\"hito quita y pon grande\"},{\"@type\":\"BreadcrumbList\",\"@id\":\"https:\/\/multisenal.com\/en\/producto\/portable-delineator\/#breadcrumb\",\"itemListElement\":[{\"@type\":\"ListItem\",\"position\":1,\"name\":\"Inicio\",\"item\":\"https:\/\/multisenal.com\/\"},{\"@type\":\"ListItem\",\"position\":2,\"name\":\"Tienda\",\"item\":\"https:\/\/multisenal.com\/tienda\/\"},{\"@type\":\"ListItem\",\"position\":3,\"name\":\"Portable Delineator\"}]},{\"@type\":\"WebSite\",\"@id\":\"https:\/\/lightsteelblue-wasp-630432.hostingersite.com\/#website\",\"url\":\"https:\/\/lightsteelblue-wasp-630432.hostingersite.com\/\",\"name\":\"Multisenal\",\"description\":\"Fabricante L\u00edder en Seguridad Vial\",\"publisher\":{\"@id\":\"https:\/\/lightsteelblue-wasp-630432.hostingersite.com\/#organization\"},\"potentialAction\":[{\"@type\":\"SearchAction\",\"target\":{\"@type\":\"EntryPoint\",\"urlTemplate\":\"https:\/\/lightsteelblue-wasp-630432.hostingersite.com\/?s={search_term_string}\"},\"query-input\":\"required name=search_term_string\"}],\"inLanguage\":\"en-US\"},{\"@type\":\"Organization\",\"@id\":\"https:\/\/lightsteelblue-wasp-630432.hostingersite.com\/#organization\",\"name\":\"Multisenal\",\"url\":\"https:\/\/lightsteelblue-wasp-630432.hostingersite.com\/\",\"logo\":{\"@type\":\"ImageObject\",\"inLanguage\":\"en-US\",\"@id\":\"https:\/\/lightsteelblue-wasp-630432.hostingersite.com\/#\/schema\/logo\/image\/\",\"url\":\"https:\/\/multisenal.com\/wp-content\/uploads\/2023\/10\/Logo-Multisenal-Blanco.webp\",\"contentUrl\":\"https:\/\/multisenal.com\/wp-content\/uploads\/2023\/10\/Logo-Multisenal-Blanco.webp\",\"width\":1024,\"height\":293,\"caption\":\"Multisenal\"},\"image\":{\"@id\":\"https:\/\/lightsteelblue-wasp-630432.hostingersite.com\/#\/schema\/logo\/image\/\"},\"sameAs\":[\"https:\/\/www.facebook.com\/multisenal\/\",\"https:\/\/twitter.com\/multisenal\",\"https:\/\/www.instagram.com\/multisenalmx\/\",\"https:\/\/www.youtube.com\/@multisenaloficial\",\"https:\/\/www.linkedin.com\/company\/multisenalmexico\/\"]}]}<\/script>\n<!-- \/ Yoast SEO Premium plugin. -->","yoast_head_json":{"title":"Portable Delineator - Multisenal","description":"Controla accesos y demarca \u00e1reas con nuestro hito quita y p\u00f3n grande. Vers\u00e1til, resistente y f\u00e1cil de instalar. \u00a1Mejora la seguridad hoy!","robots":{"index":"index","follow":"follow","max-snippet":"max-snippet:-1","max-image-preview":"max-image-preview:large","max-video-preview":"max-video-preview:-1"},"canonical":"https:\/\/multisenal.com\/en\/producto\/portable-delineator\/","og_locale":"en_US","og_type":"article","og_title":"Portable Delineator","og_description":"Controla accesos y demarca \u00e1reas con nuestro hito quita y p\u00f3n grande. Vers\u00e1til, resistente y f\u00e1cil de instalar. \u00a1Mejora la seguridad hoy!","og_url":"https:\/\/multisenal.com\/en\/producto\/portable-delineator\/","og_site_name":"Multisenal","article_publisher":"https:\/\/www.facebook.com\/multisenal\/","article_modified_time":"2025-03-21T19:59:27+00:00","og_image":[{"width":800,"height":800,"url":"https:\/\/multisenal.com\/wp-content\/uploads\/2023\/11\/IT-QP-03.png","type":"image\/png"}],"twitter_card":"summary_large_image","twitter_site":"@multisenal","twitter_misc":{"Est. reading time":"2 minutes"},"schema":{"@context":"https:\/\/schema.org","@graph":[{"@type":"WebPage","@id":"https:\/\/multisenal.com\/en\/producto\/portable-delineator\/","url":"https:\/\/multisenal.com\/en\/producto\/portable-delineator\/","name":"Portable Delineator - Multisenal","isPartOf":{"@id":"https:\/\/lightsteelblue-wasp-630432.hostingersite.com\/#website"},"primaryImageOfPage":{"@id":"https:\/\/multisenal.com\/en\/producto\/portable-delineator\/#primaryimage"},"image":{"@id":"https:\/\/multisenal.com\/en\/producto\/portable-delineator\/#primaryimage"},"thumbnailUrl":"https:\/\/multisenal.com\/wp-content\/uploads\/2023\/11\/IT-QP-03.png","datePublished":"2025-03-11T18:21:51+00:00","dateModified":"2025-03-21T19:59:27+00:00","description":"Controla accesos y demarca \u00e1reas con nuestro hito quita y p\u00f3n grande. Vers\u00e1til, resistente y f\u00e1cil de instalar. \u00a1Mejora la seguridad hoy!","breadcrumb":{"@id":"https:\/\/multisenal.com\/en\/producto\/portable-delineator\/#breadcrumb"},"inLanguage":"en-US","potentialAction":[{"@type":"ReadAction","target":["https:\/\/multisenal.com\/en\/producto\/portable-delineator\/"]}]},{"@type":"ImageObject","inLanguage":"en-US","@id":"https:\/\/multisenal.com\/en\/producto\/portable-delineator\/#primaryimage","url":"https:\/\/multisenal.com\/wp-content\/uploads\/2023\/11\/IT-QP-03.png","contentUrl":"https:\/\/multisenal.com\/wp-content\/uploads\/2023\/11\/IT-QP-03.png","width":800,"height":800,"caption":"hito quita y pon grande"},{"@type":"BreadcrumbList","@id":"https:\/\/multisenal.com\/en\/producto\/portable-delineator\/#breadcrumb","itemListElement":[{"@type":"ListItem","position":1,"name":"Inicio","item":"https:\/\/multisenal.com\/"},{"@type":"ListItem","position":2,"name":"Tienda","item":"https:\/\/multisenal.com\/tienda\/"},{"@type":"ListItem","position":3,"name":"Portable Delineator"}]},{"@type":"WebSite","@id":"https:\/\/lightsteelblue-wasp-630432.hostingersite.com\/#website","url":"https:\/\/lightsteelblue-wasp-630432.hostingersite.com\/","name":"Multisenal","description":"Fabricante L\u00edder en Seguridad Vial","publisher":{"@id":"https:\/\/lightsteelblue-wasp-630432.hostingersite.com\/#organization"},"potentialAction":[{"@type":"SearchAction","target":{"@type":"EntryPoint","urlTemplate":"https:\/\/lightsteelblue-wasp-630432.hostingersite.com\/?s={search_term_string}"},"query-input":"required name=search_term_string"}],"inLanguage":"en-US"},{"@type":"Organization","@id":"https:\/\/lightsteelblue-wasp-630432.hostingersite.com\/#organization","name":"Multisenal","url":"https:\/\/lightsteelblue-wasp-630432.hostingersite.com\/","logo":{"@type":"ImageObject","inLanguage":"en-US","@id":"https:\/\/lightsteelblue-wasp-630432.hostingersite.com\/#\/schema\/logo\/image\/","url":"https:\/\/multisenal.com\/wp-content\/uploads\/2023\/10\/Logo-Multisenal-Blanco.webp","contentUrl":"https:\/\/multisenal.com\/wp-content\/uploads\/2023\/10\/Logo-Multisenal-Blanco.webp","width":1024,"height":293,"caption":"Multisenal"},"image":{"@id":"https:\/\/lightsteelblue-wasp-630432.hostingersite.com\/#\/schema\/logo\/image\/"},"sameAs":["https:\/\/www.facebook.com\/multisenal\/","https:\/\/twitter.com\/multisenal","https:\/\/www.instagram.com\/multisenalmx\/","https:\/\/www.youtube.com\/@multisenaloficial","https:\/\/www.linkedin.com\/company\/multisenalmexico\/"]}]}},"_links":{"self":[{"href":"https:\/\/multisenal.com\/en\/wp-json\/wp\/v2\/product\/31476","targetHints":{"allow":["GET"]}}],"collection":[{"href":"https:\/\/multisenal.com\/en\/wp-json\/wp\/v2\/product"}],"about":[{"href":"https:\/\/multisenal.com\/en\/wp-json\/wp\/v2\/types\/product"}],"replies":[{"embeddable":true,"href":"https:\/\/multisenal.com\/en\/wp-json\/wp\/v2\/comments?post=31476"}],"wp:featuredmedia":[{"embeddable":true,"href":"https:\/\/multisenal.com\/en\/wp-json\/wp\/v2\/media\/12160"}],"wp:attachment":[{"href":"https:\/\/multisenal.com\/en\/wp-json\/wp\/v2\/media?parent=31476"}],"wp:term":[{"taxonomy":"product_brand","embeddable":true,"href":"https:\/\/multisenal.com\/en\/wp-json\/wp\/v2\/product_brand?post=31476"},{"taxonomy":"product_cat","embeddable":true,"href":"https:\/\/multisenal.com\/en\/wp-json\/wp\/v2\/product_cat?post=31476"},{"taxonomy":"product_tag","embeddable":true,"href":"https:\/\/multisenal.com\/en\/wp-json\/wp\/v2\/product_tag?post=31476"}],"curies":[{"name":"wp","href":"https:\/\/api.w.org\/{rel}","templated":true}]}}