{"id":31477,"date":"2025-03-11T12:24:22","date_gmt":"2025-03-11T18:24:22","guid":{"rendered":"https:\/\/multisenal.com\/?post_type=product&#038;p=31477"},"modified":"2025-03-21T15:29:08","modified_gmt":"2025-03-21T21:29:08","slug":"delineator-tube","status":"publish","type":"product","link":"https:\/\/multisenal.com\/en\/producto\/delineator-tube\/","title":{"rendered":"Delineator Tube"},"content":{"rendered":"<h2>Delineator Tube<\/h2>\n<p>The delineator tube stands out its importance as a preventive signage element in danger areas in highways and streets.<\/p>\n<p>Its structure and flexibility protect to itself and drivers due has special features of flexibility that significantly improve visibility in risk zones.<\/p>\n<p>According to durability, the delineator tube, by being flexible has the ability to return to its position and original shape even after suffering many impacts or even when a car ran over by accident.<\/p>\n<p>In this last case, the soft material of the device also guarantees safety of vehicle, as motorist and passenger\u2019s safety, due doesn\u2019t cause scratches neither bumps. In this way, all of them are safe.<\/p>\n<p>The presence of these posts provides an early and clear warning to drivers, enabling them to react correctly and avoid accidents by knowing there\u2019s an obstacle at the front or a dangerous area.<\/p>\n<p>For that, is recommended to set this road tool to delineate construction areas or sign dangerous curves.<\/p>\n<p>Likewise, it has two prismatic reflective rings, helping to be visible during night at a considerable distance.<\/p>\n<p>In order to provide a greater support, the interior of post has a PVC special washer with round borders that ease installation and reposition.<\/p>\n<p>Another function of these posts is to avoid cars park in prohibited zones. By installing many posts in rows on sidewalk or in specific zones, it impedes the parking of cars.<\/p>\n<p>This and all our flexible posts provide the best quality. Visit our <a href=\"https:\/\/multisenal.com\/categoria-producto\/hitos\/\">catalog<\/a> and choose the one that best adapts to your needs.<\/p>\n","protected":false},"excerpt":{"rendered":"<p><strong>Nombre del producto: Hito Poliflexy 76<\/strong><\/p>\n<p><strong>C\u00f3digo: ITO-PF-76<\/strong><\/p>\n<p>&nbsp;<\/p>\n","protected":false},"featured_media":12162,"comment_status":"open","ping_status":"closed","template":"","meta":[],"product_brand":[],"product_cat":[43],"product_tag":[133],"class_list":{"0":"post-31477","1":"product","2":"type-product","3":"status-publish","4":"has-post-thumbnail","6":"product_cat-hitos","7":"product_tag-ingles","9":"first","10":"instock","11":"shipping-taxable","12":"product-type-simple"},"yoast_head":"<!-- This site is optimized with the Yoast SEO Premium plugin v22.3 (Yoast SEO v22.4) - https:\/\/yoast.com\/wordpress\/plugins\/seo\/ -->\n<title>Delineator Tube - Multisenal<\/title>\n<meta name=\"description\" content=\"The delineator tube stands out its importance as a preventive signage element in danger areas in highways and streets, discover it...\" \/>\n<meta name=\"robots\" content=\"index, follow, max-snippet:-1, max-image-preview:large, max-video-preview:-1\" \/>\n<link rel=\"canonical\" href=\"https:\/\/multisenal.com\/en\/producto\/delineator-tube\/\" \/>\n<meta property=\"og:locale\" content=\"en_US\" \/>\n<meta property=\"og:type\" content=\"article\" \/>\n<meta property=\"og:title\" content=\"Delineator Tube\" \/>\n<meta property=\"og:description\" content=\"The delineator tube stands out its importance as a preventive signage element in danger areas in highways and streets, discover it...\" \/>\n<meta property=\"og:url\" content=\"https:\/\/multisenal.com\/en\/producto\/delineator-tube\/\" \/>\n<meta property=\"og:site_name\" content=\"Multisenal\" \/>\n<meta property=\"article:publisher\" content=\"https:\/\/www.facebook.com\/multisenal\/\" \/>\n<meta property=\"article:modified_time\" content=\"2025-03-21T21:29:08+00:00\" \/>\n<meta property=\"og:image\" content=\"https:\/\/multisenal.com\/wp-content\/uploads\/2023\/11\/IPO-76-1.png\" \/>\n\t<meta property=\"og:image:width\" content=\"800\" \/>\n\t<meta property=\"og:image:height\" content=\"800\" \/>\n\t<meta property=\"og:image:type\" content=\"image\/png\" \/>\n<meta name=\"twitter:card\" content=\"summary_large_image\" \/>\n<meta name=\"twitter:site\" content=\"@multisenal\" \/>\n<meta name=\"twitter:label1\" content=\"Est. reading time\" \/>\n\t<meta name=\"twitter:data1\" content=\"2 minutes\" \/>\n<script type=\"application\/ld+json\" class=\"yoast-schema-graph\">{\"@context\":\"https:\/\/schema.org\",\"@graph\":[{\"@type\":\"WebPage\",\"@id\":\"https:\/\/multisenal.com\/en\/producto\/delineator-tube\/\",\"url\":\"https:\/\/multisenal.com\/en\/producto\/delineator-tube\/\",\"name\":\"Delineator Tube - Multisenal\",\"isPartOf\":{\"@id\":\"https:\/\/lightsteelblue-wasp-630432.hostingersite.com\/#website\"},\"primaryImageOfPage\":{\"@id\":\"https:\/\/multisenal.com\/en\/producto\/delineator-tube\/#primaryimage\"},\"image\":{\"@id\":\"https:\/\/multisenal.com\/en\/producto\/delineator-tube\/#primaryimage\"},\"thumbnailUrl\":\"https:\/\/multisenal.com\/wp-content\/uploads\/2023\/11\/IPO-76-1.png\",\"datePublished\":\"2025-03-11T18:24:22+00:00\",\"dateModified\":\"2025-03-21T21:29:08+00:00\",\"description\":\"The delineator tube stands out its importance as a preventive signage element in danger areas in highways and streets, discover it...\",\"breadcrumb\":{\"@id\":\"https:\/\/multisenal.com\/en\/producto\/delineator-tube\/#breadcrumb\"},\"inLanguage\":\"en-US\",\"potentialAction\":[{\"@type\":\"ReadAction\",\"target\":[\"https:\/\/multisenal.com\/en\/producto\/delineator-tube\/\"]}]},{\"@type\":\"ImageObject\",\"inLanguage\":\"en-US\",\"@id\":\"https:\/\/multisenal.com\/en\/producto\/delineator-tube\/#primaryimage\",\"url\":\"https:\/\/multisenal.com\/wp-content\/uploads\/2023\/11\/IPO-76-1.png\",\"contentUrl\":\"https:\/\/multisenal.com\/wp-content\/uploads\/2023\/11\/IPO-76-1.png\",\"width\":800,\"height\":800,\"caption\":\"El Hito Poliflexy 76 sirve como una se\u00f1al ante la presencia de obst\u00e1culos o curvas. Tambi\u00e9n, puede evitar que autos se estacionan en zonas prohibidas.\"},{\"@type\":\"BreadcrumbList\",\"@id\":\"https:\/\/multisenal.com\/en\/producto\/delineator-tube\/#breadcrumb\",\"itemListElement\":[{\"@type\":\"ListItem\",\"position\":1,\"name\":\"Inicio\",\"item\":\"https:\/\/multisenal.com\/\"},{\"@type\":\"ListItem\",\"position\":2,\"name\":\"Tienda\",\"item\":\"https:\/\/multisenal.com\/tienda\/\"},{\"@type\":\"ListItem\",\"position\":3,\"name\":\"Delineator Tube\"}]},{\"@type\":\"WebSite\",\"@id\":\"https:\/\/lightsteelblue-wasp-630432.hostingersite.com\/#website\",\"url\":\"https:\/\/lightsteelblue-wasp-630432.hostingersite.com\/\",\"name\":\"Multisenal\",\"description\":\"Fabricante L\u00edder en Seguridad Vial\",\"publisher\":{\"@id\":\"https:\/\/lightsteelblue-wasp-630432.hostingersite.com\/#organization\"},\"potentialAction\":[{\"@type\":\"SearchAction\",\"target\":{\"@type\":\"EntryPoint\",\"urlTemplate\":\"https:\/\/lightsteelblue-wasp-630432.hostingersite.com\/?s={search_term_string}\"},\"query-input\":\"required name=search_term_string\"}],\"inLanguage\":\"en-US\"},{\"@type\":\"Organization\",\"@id\":\"https:\/\/lightsteelblue-wasp-630432.hostingersite.com\/#organization\",\"name\":\"Multisenal\",\"url\":\"https:\/\/lightsteelblue-wasp-630432.hostingersite.com\/\",\"logo\":{\"@type\":\"ImageObject\",\"inLanguage\":\"en-US\",\"@id\":\"https:\/\/lightsteelblue-wasp-630432.hostingersite.com\/#\/schema\/logo\/image\/\",\"url\":\"https:\/\/multisenal.com\/wp-content\/uploads\/2023\/10\/Logo-Multisenal-Blanco.webp\",\"contentUrl\":\"https:\/\/multisenal.com\/wp-content\/uploads\/2023\/10\/Logo-Multisenal-Blanco.webp\",\"width\":1024,\"height\":293,\"caption\":\"Multisenal\"},\"image\":{\"@id\":\"https:\/\/lightsteelblue-wasp-630432.hostingersite.com\/#\/schema\/logo\/image\/\"},\"sameAs\":[\"https:\/\/www.facebook.com\/multisenal\/\",\"https:\/\/twitter.com\/multisenal\",\"https:\/\/www.instagram.com\/multisenalmx\/\",\"https:\/\/www.youtube.com\/@multisenaloficial\",\"https:\/\/www.linkedin.com\/company\/multisenalmexico\/\"]}]}<\/script>\n<!-- \/ Yoast SEO Premium plugin. -->","yoast_head_json":{"title":"Delineator Tube - Multisenal","description":"The delineator tube stands out its importance as a preventive signage element in danger areas in highways and streets, discover it...","robots":{"index":"index","follow":"follow","max-snippet":"max-snippet:-1","max-image-preview":"max-image-preview:large","max-video-preview":"max-video-preview:-1"},"canonical":"https:\/\/multisenal.com\/en\/producto\/delineator-tube\/","og_locale":"en_US","og_type":"article","og_title":"Delineator Tube","og_description":"The delineator tube stands out its importance as a preventive signage element in danger areas in highways and streets, discover it...","og_url":"https:\/\/multisenal.com\/en\/producto\/delineator-tube\/","og_site_name":"Multisenal","article_publisher":"https:\/\/www.facebook.com\/multisenal\/","article_modified_time":"2025-03-21T21:29:08+00:00","og_image":[{"width":800,"height":800,"url":"https:\/\/multisenal.com\/wp-content\/uploads\/2023\/11\/IPO-76-1.png","type":"image\/png"}],"twitter_card":"summary_large_image","twitter_site":"@multisenal","twitter_misc":{"Est. reading time":"2 minutes"},"schema":{"@context":"https:\/\/schema.org","@graph":[{"@type":"WebPage","@id":"https:\/\/multisenal.com\/en\/producto\/delineator-tube\/","url":"https:\/\/multisenal.com\/en\/producto\/delineator-tube\/","name":"Delineator Tube - Multisenal","isPartOf":{"@id":"https:\/\/lightsteelblue-wasp-630432.hostingersite.com\/#website"},"primaryImageOfPage":{"@id":"https:\/\/multisenal.com\/en\/producto\/delineator-tube\/#primaryimage"},"image":{"@id":"https:\/\/multisenal.com\/en\/producto\/delineator-tube\/#primaryimage"},"thumbnailUrl":"https:\/\/multisenal.com\/wp-content\/uploads\/2023\/11\/IPO-76-1.png","datePublished":"2025-03-11T18:24:22+00:00","dateModified":"2025-03-21T21:29:08+00:00","description":"The delineator tube stands out its importance as a preventive signage element in danger areas in highways and streets, discover it...","breadcrumb":{"@id":"https:\/\/multisenal.com\/en\/producto\/delineator-tube\/#breadcrumb"},"inLanguage":"en-US","potentialAction":[{"@type":"ReadAction","target":["https:\/\/multisenal.com\/en\/producto\/delineator-tube\/"]}]},{"@type":"ImageObject","inLanguage":"en-US","@id":"https:\/\/multisenal.com\/en\/producto\/delineator-tube\/#primaryimage","url":"https:\/\/multisenal.com\/wp-content\/uploads\/2023\/11\/IPO-76-1.png","contentUrl":"https:\/\/multisenal.com\/wp-content\/uploads\/2023\/11\/IPO-76-1.png","width":800,"height":800,"caption":"El Hito Poliflexy 76 sirve como una se\u00f1al ante la presencia de obst\u00e1culos o curvas. Tambi\u00e9n, puede evitar que autos se estacionan en zonas prohibidas."},{"@type":"BreadcrumbList","@id":"https:\/\/multisenal.com\/en\/producto\/delineator-tube\/#breadcrumb","itemListElement":[{"@type":"ListItem","position":1,"name":"Inicio","item":"https:\/\/multisenal.com\/"},{"@type":"ListItem","position":2,"name":"Tienda","item":"https:\/\/multisenal.com\/tienda\/"},{"@type":"ListItem","position":3,"name":"Delineator Tube"}]},{"@type":"WebSite","@id":"https:\/\/lightsteelblue-wasp-630432.hostingersite.com\/#website","url":"https:\/\/lightsteelblue-wasp-630432.hostingersite.com\/","name":"Multisenal","description":"Fabricante L\u00edder en Seguridad Vial","publisher":{"@id":"https:\/\/lightsteelblue-wasp-630432.hostingersite.com\/#organization"},"potentialAction":[{"@type":"SearchAction","target":{"@type":"EntryPoint","urlTemplate":"https:\/\/lightsteelblue-wasp-630432.hostingersite.com\/?s={search_term_string}"},"query-input":"required name=search_term_string"}],"inLanguage":"en-US"},{"@type":"Organization","@id":"https:\/\/lightsteelblue-wasp-630432.hostingersite.com\/#organization","name":"Multisenal","url":"https:\/\/lightsteelblue-wasp-630432.hostingersite.com\/","logo":{"@type":"ImageObject","inLanguage":"en-US","@id":"https:\/\/lightsteelblue-wasp-630432.hostingersite.com\/#\/schema\/logo\/image\/","url":"https:\/\/multisenal.com\/wp-content\/uploads\/2023\/10\/Logo-Multisenal-Blanco.webp","contentUrl":"https:\/\/multisenal.com\/wp-content\/uploads\/2023\/10\/Logo-Multisenal-Blanco.webp","width":1024,"height":293,"caption":"Multisenal"},"image":{"@id":"https:\/\/lightsteelblue-wasp-630432.hostingersite.com\/#\/schema\/logo\/image\/"},"sameAs":["https:\/\/www.facebook.com\/multisenal\/","https:\/\/twitter.com\/multisenal","https:\/\/www.instagram.com\/multisenalmx\/","https:\/\/www.youtube.com\/@multisenaloficial","https:\/\/www.linkedin.com\/company\/multisenalmexico\/"]}]}},"_links":{"self":[{"href":"https:\/\/multisenal.com\/en\/wp-json\/wp\/v2\/product\/31477","targetHints":{"allow":["GET"]}}],"collection":[{"href":"https:\/\/multisenal.com\/en\/wp-json\/wp\/v2\/product"}],"about":[{"href":"https:\/\/multisenal.com\/en\/wp-json\/wp\/v2\/types\/product"}],"replies":[{"embeddable":true,"href":"https:\/\/multisenal.com\/en\/wp-json\/wp\/v2\/comments?post=31477"}],"wp:featuredmedia":[{"embeddable":true,"href":"https:\/\/multisenal.com\/en\/wp-json\/wp\/v2\/media\/12162"}],"wp:attachment":[{"href":"https:\/\/multisenal.com\/en\/wp-json\/wp\/v2\/media?parent=31477"}],"wp:term":[{"taxonomy":"product_brand","embeddable":true,"href":"https:\/\/multisenal.com\/en\/wp-json\/wp\/v2\/product_brand?post=31477"},{"taxonomy":"product_cat","embeddable":true,"href":"https:\/\/multisenal.com\/en\/wp-json\/wp\/v2\/product_cat?post=31477"},{"taxonomy":"product_tag","embeddable":true,"href":"https:\/\/multisenal.com\/en\/wp-json\/wp\/v2\/product_tag?post=31477"}],"curies":[{"name":"wp","href":"https:\/\/api.w.org\/{rel}","templated":true}]}}