{"id":36143,"date":"2025-10-23T09:33:29","date_gmt":"2025-10-23T15:33:29","guid":{"rendered":"https:\/\/multisenal.com\/?post_type=product&#038;p=36143"},"modified":"2025-10-23T16:38:30","modified_gmt":"2025-10-23T22:38:30","slug":"robust-700-nestable-barrier","status":"publish","type":"product","link":"https:\/\/multisenal.com\/en\/producto\/robust-700-nestable-barrier\/","title":{"rendered":"Robust 700 Nestable Barrier"},"content":{"rendered":"<figure id=\"attachment_36309\" aria-describedby=\"caption-attachment-36309\" style=\"width: 1640px\" class=\"wp-caption alignnone\"><img fetchpriority=\"high\" decoding=\"async\" class=\"wp-image-36309 size-full\" src=\"https:\/\/multisenal.com\/wp-content\/uploads\/2025\/10\/Robust-700-Nestable-Barrier-ID-EN.webp\" alt=\"Robust 700 Nestable Barrier\" width=\"1640\" height=\"924\" srcset=\"https:\/\/multisenal.com\/wp-content\/uploads\/2025\/10\/Robust-700-Nestable-Barrier-ID-EN.webp 1640w, https:\/\/multisenal.com\/wp-content\/uploads\/2025\/10\/Robust-700-Nestable-Barrier-ID-EN-300x169.webp 300w, https:\/\/multisenal.com\/wp-content\/uploads\/2025\/10\/Robust-700-Nestable-Barrier-ID-EN-1024x577.webp 1024w, https:\/\/multisenal.com\/wp-content\/uploads\/2025\/10\/Robust-700-Nestable-Barrier-ID-EN-768x433.webp 768w, https:\/\/multisenal.com\/wp-content\/uploads\/2025\/10\/Robust-700-Nestable-Barrier-ID-EN-1536x865.webp 1536w, https:\/\/multisenal.com\/wp-content\/uploads\/2025\/10\/Robust-700-Nestable-Barrier-ID-EN-600x338.webp 600w\" sizes=\"(max-width: 1640px) 100vw, 1640px\" \/><figcaption id=\"caption-attachment-36309\" class=\"wp-caption-text\">\u00a0<\/figcaption><\/figure>\n<p>The Robust 700 Nestable Barrier provides a reliable solution for pedestrian and <a href=\"https:\/\/multisenal.com\/en\/highway\/\">traffic management<\/a> in public works and large-scale events, as well as for the delineation of hazardous areas. Its robust design ensures high operational efficiency, field safety, and logistics optimization.<\/p>\n<p>This model features a modular design with a male-female coupling system, allowing for continuous linear installation with minimal operational effort. The barrier can be assembled by a single person without the need for additional tools, optimizing field deployment times.<\/p>\n<p data-start=\"2103\" data-end=\"2388\">The Robust 700 Nestable Barrier is manufactured from high-strength polymer with UV protection, ensuring long-lasting performance under continuous sunlight, humidity, and temperature changes. With a durable structure and bright orange color, this device guarantees maximum visibility and an extended outdoor lifespan.<\/p>\n<p data-start=\"2390\" data-end=\"2592\">Two chevrons are molded on each side of the barrier and can be fitted with optional white reflective material, boosting visibility in low-light or nighttime conditions and improving safety perception.<\/p>\n<p data-start=\"2594\" data-end=\"2832\">The nestable design, the barrier can be stacked efficiently, saving up to 75% of space in storage and transport compared to conventional barriers. This feature lowers logistics costs and facilitates easy movement and handling.<\/p>\n<p>Designed for versatility, the Robust 700 Nestable Barrier can be configured to different lengths to meet diverse operational needs\u2014from managing <a href=\"https:\/\/www.dof.gob.mx\/nota_detalle_popup.php?codigo=5268211\">traffic detours<\/a>, and lane divisions to securing access points or defining zones at public, cultural, or recreational events.<\/p>\n<h5><strong>Dimensions<\/strong><\/h5>\n<p>Overall length: 44 in<br \/>\nWidth: 17.9 in<br \/>\nHeight: 27.5 in<\/p>\n<p>&nbsp;<\/p>\n<h4><a href=\"https:\/\/multisenal.com.mx\/FichasTecnicas\/Barrera-Robust-700-Anidable-ES.pdf\" target=\"_blank\" rel=\"noopener\"><strong><span style=\"color: #008000;\">FICHA T\u00c9CNICA\u00a0 \ud83c\uddf2\ud83c\uddfd<\/span><\/strong><\/a><\/h4>\n<h4><a href=\"https:\/\/multisenal.com.mx\/FichasTecnicas\/Barrera-Robust-700-Anidable-EN.pdf\" target=\"_blank\" rel=\"noopener\"><strong><span style=\"color: #0000ff;\">FICHA T\u00c9CNICA\u00a0 \ud83c\uddfa\ud83c\uddf8<\/span><\/strong><\/a><\/h4>\n","protected":false},"excerpt":{"rendered":"<p><strong>Nombre del Producto: Barrera Anidable 700<\/strong><\/p>\n<p><strong>C\u00f3digo: BA-RO 700\/AN<\/strong><\/p>\n","protected":false},"featured_media":32831,"comment_status":"open","ping_status":"closed","template":"","meta":[],"product_brand":[],"product_cat":[47],"product_tag":[],"class_list":{"0":"post-36143","1":"product","2":"type-product","3":"status-publish","4":"has-post-thumbnail","6":"product_cat-barreras-viales","8":"first","9":"instock","10":"shipping-taxable","11":"product-type-simple"},"yoast_head":"<!-- This site is optimized with the Yoast SEO Premium plugin v22.3 (Yoast SEO v22.4) - https:\/\/yoast.com\/wordpress\/plugins\/seo\/ -->\n<title>Robust 700 Nestable Barrier - Multisenal<\/title>\n<meta name=\"description\" content=\"La Barrera Anidable 700 es un dispositivo de contenci\u00f3n y se\u00f1alizaci\u00f3n para tr\u00e1nsito vehicular y peatonal. Con ensamble macho-hembra.\" \/>\n<meta name=\"robots\" content=\"index, follow, max-snippet:-1, max-image-preview:large, max-video-preview:-1\" \/>\n<link rel=\"canonical\" href=\"https:\/\/multisenal.com\/en\/producto\/robust-700-nestable-barrier\/\" \/>\n<meta property=\"og:locale\" content=\"en_US\" \/>\n<meta property=\"og:type\" content=\"article\" \/>\n<meta property=\"og:title\" content=\"Robust 700 Nestable Barrier\" \/>\n<meta property=\"og:description\" content=\"La Barrera Anidable 700 es un dispositivo de contenci\u00f3n y se\u00f1alizaci\u00f3n para tr\u00e1nsito vehicular y peatonal. Con ensamble macho-hembra.\" \/>\n<meta property=\"og:url\" content=\"https:\/\/multisenal.com\/en\/producto\/robust-700-nestable-barrier\/\" \/>\n<meta property=\"og:site_name\" content=\"Multisenal\" \/>\n<meta property=\"article:publisher\" content=\"https:\/\/www.facebook.com\/multisenal\/\" \/>\n<meta property=\"article:modified_time\" content=\"2025-10-23T22:38:30+00:00\" \/>\n<meta property=\"og:image\" content=\"https:\/\/multisenal.com\/wp-content\/uploads\/2025\/04\/barrera-anidable-700.webp\" \/>\n\t<meta property=\"og:image:width\" content=\"1200\" \/>\n\t<meta property=\"og:image:height\" content=\"1200\" \/>\n\t<meta property=\"og:image:type\" content=\"image\/webp\" \/>\n<meta name=\"twitter:card\" content=\"summary_large_image\" \/>\n<meta name=\"twitter:site\" content=\"@multisenal\" \/>\n<meta name=\"twitter:label1\" content=\"Est. reading time\" \/>\n\t<meta name=\"twitter:data1\" content=\"2 minutes\" \/>\n<script type=\"application\/ld+json\" class=\"yoast-schema-graph\">{\"@context\":\"https:\/\/schema.org\",\"@graph\":[{\"@type\":\"WebPage\",\"@id\":\"https:\/\/multisenal.com\/en\/producto\/robust-700-nestable-barrier\/\",\"url\":\"https:\/\/multisenal.com\/en\/producto\/robust-700-nestable-barrier\/\",\"name\":\"Robust 700 Nestable Barrier - Multisenal\",\"isPartOf\":{\"@id\":\"https:\/\/lightsteelblue-wasp-630432.hostingersite.com\/#website\"},\"primaryImageOfPage\":{\"@id\":\"https:\/\/multisenal.com\/en\/producto\/robust-700-nestable-barrier\/#primaryimage\"},\"image\":{\"@id\":\"https:\/\/multisenal.com\/en\/producto\/robust-700-nestable-barrier\/#primaryimage\"},\"thumbnailUrl\":\"https:\/\/multisenal.com\/wp-content\/uploads\/2025\/04\/barrera-anidable-700.webp\",\"datePublished\":\"2025-10-23T15:33:29+00:00\",\"dateModified\":\"2025-10-23T22:38:30+00:00\",\"description\":\"La Barrera Anidable 700 es un dispositivo de contenci\u00f3n y se\u00f1alizaci\u00f3n para tr\u00e1nsito vehicular y peatonal. Con ensamble macho-hembra.\",\"breadcrumb\":{\"@id\":\"https:\/\/multisenal.com\/en\/producto\/robust-700-nestable-barrier\/#breadcrumb\"},\"inLanguage\":\"en-US\",\"potentialAction\":[{\"@type\":\"ReadAction\",\"target\":[\"https:\/\/multisenal.com\/en\/producto\/robust-700-nestable-barrier\/\"]}]},{\"@type\":\"ImageObject\",\"inLanguage\":\"en-US\",\"@id\":\"https:\/\/multisenal.com\/en\/producto\/robust-700-nestable-barrier\/#primaryimage\",\"url\":\"https:\/\/multisenal.com\/wp-content\/uploads\/2025\/04\/barrera-anidable-700.webp\",\"contentUrl\":\"https:\/\/multisenal.com\/wp-content\/uploads\/2025\/04\/barrera-anidable-700.webp\",\"width\":1200,\"height\":1200,\"caption\":\"Barrera Anidable 700\"},{\"@type\":\"BreadcrumbList\",\"@id\":\"https:\/\/multisenal.com\/en\/producto\/robust-700-nestable-barrier\/#breadcrumb\",\"itemListElement\":[{\"@type\":\"ListItem\",\"position\":1,\"name\":\"Inicio\",\"item\":\"https:\/\/multisenal.com\/\"},{\"@type\":\"ListItem\",\"position\":2,\"name\":\"Tienda\",\"item\":\"https:\/\/multisenal.com\/tienda\/\"},{\"@type\":\"ListItem\",\"position\":3,\"name\":\"Robust 700 Nestable Barrier\"}]},{\"@type\":\"WebSite\",\"@id\":\"https:\/\/lightsteelblue-wasp-630432.hostingersite.com\/#website\",\"url\":\"https:\/\/lightsteelblue-wasp-630432.hostingersite.com\/\",\"name\":\"Multisenal\",\"description\":\"Fabricante L\u00edder en Seguridad Vial\",\"publisher\":{\"@id\":\"https:\/\/lightsteelblue-wasp-630432.hostingersite.com\/#organization\"},\"potentialAction\":[{\"@type\":\"SearchAction\",\"target\":{\"@type\":\"EntryPoint\",\"urlTemplate\":\"https:\/\/lightsteelblue-wasp-630432.hostingersite.com\/?s={search_term_string}\"},\"query-input\":\"required name=search_term_string\"}],\"inLanguage\":\"en-US\"},{\"@type\":\"Organization\",\"@id\":\"https:\/\/lightsteelblue-wasp-630432.hostingersite.com\/#organization\",\"name\":\"Multisenal\",\"url\":\"https:\/\/lightsteelblue-wasp-630432.hostingersite.com\/\",\"logo\":{\"@type\":\"ImageObject\",\"inLanguage\":\"en-US\",\"@id\":\"https:\/\/lightsteelblue-wasp-630432.hostingersite.com\/#\/schema\/logo\/image\/\",\"url\":\"https:\/\/multisenal.com\/wp-content\/uploads\/2023\/10\/Logo-Multisenal-Blanco.webp\",\"contentUrl\":\"https:\/\/multisenal.com\/wp-content\/uploads\/2023\/10\/Logo-Multisenal-Blanco.webp\",\"width\":1024,\"height\":293,\"caption\":\"Multisenal\"},\"image\":{\"@id\":\"https:\/\/lightsteelblue-wasp-630432.hostingersite.com\/#\/schema\/logo\/image\/\"},\"sameAs\":[\"https:\/\/www.facebook.com\/multisenal\/\",\"https:\/\/twitter.com\/multisenal\",\"https:\/\/www.instagram.com\/multisenalmx\/\",\"https:\/\/www.youtube.com\/@multisenaloficial\",\"https:\/\/www.linkedin.com\/company\/multisenalmexico\/\"]}]}<\/script>\n<!-- \/ Yoast SEO Premium plugin. -->","yoast_head_json":{"title":"Robust 700 Nestable Barrier - Multisenal","description":"La Barrera Anidable 700 es un dispositivo de contenci\u00f3n y se\u00f1alizaci\u00f3n para tr\u00e1nsito vehicular y peatonal. Con ensamble macho-hembra.","robots":{"index":"index","follow":"follow","max-snippet":"max-snippet:-1","max-image-preview":"max-image-preview:large","max-video-preview":"max-video-preview:-1"},"canonical":"https:\/\/multisenal.com\/en\/producto\/robust-700-nestable-barrier\/","og_locale":"en_US","og_type":"article","og_title":"Robust 700 Nestable Barrier","og_description":"La Barrera Anidable 700 es un dispositivo de contenci\u00f3n y se\u00f1alizaci\u00f3n para tr\u00e1nsito vehicular y peatonal. Con ensamble macho-hembra.","og_url":"https:\/\/multisenal.com\/en\/producto\/robust-700-nestable-barrier\/","og_site_name":"Multisenal","article_publisher":"https:\/\/www.facebook.com\/multisenal\/","article_modified_time":"2025-10-23T22:38:30+00:00","og_image":[{"width":1200,"height":1200,"url":"https:\/\/multisenal.com\/wp-content\/uploads\/2025\/04\/barrera-anidable-700.webp","type":"image\/webp"}],"twitter_card":"summary_large_image","twitter_site":"@multisenal","twitter_misc":{"Est. reading time":"2 minutes"},"schema":{"@context":"https:\/\/schema.org","@graph":[{"@type":"WebPage","@id":"https:\/\/multisenal.com\/en\/producto\/robust-700-nestable-barrier\/","url":"https:\/\/multisenal.com\/en\/producto\/robust-700-nestable-barrier\/","name":"Robust 700 Nestable Barrier - Multisenal","isPartOf":{"@id":"https:\/\/lightsteelblue-wasp-630432.hostingersite.com\/#website"},"primaryImageOfPage":{"@id":"https:\/\/multisenal.com\/en\/producto\/robust-700-nestable-barrier\/#primaryimage"},"image":{"@id":"https:\/\/multisenal.com\/en\/producto\/robust-700-nestable-barrier\/#primaryimage"},"thumbnailUrl":"https:\/\/multisenal.com\/wp-content\/uploads\/2025\/04\/barrera-anidable-700.webp","datePublished":"2025-10-23T15:33:29+00:00","dateModified":"2025-10-23T22:38:30+00:00","description":"La Barrera Anidable 700 es un dispositivo de contenci\u00f3n y se\u00f1alizaci\u00f3n para tr\u00e1nsito vehicular y peatonal. Con ensamble macho-hembra.","breadcrumb":{"@id":"https:\/\/multisenal.com\/en\/producto\/robust-700-nestable-barrier\/#breadcrumb"},"inLanguage":"en-US","potentialAction":[{"@type":"ReadAction","target":["https:\/\/multisenal.com\/en\/producto\/robust-700-nestable-barrier\/"]}]},{"@type":"ImageObject","inLanguage":"en-US","@id":"https:\/\/multisenal.com\/en\/producto\/robust-700-nestable-barrier\/#primaryimage","url":"https:\/\/multisenal.com\/wp-content\/uploads\/2025\/04\/barrera-anidable-700.webp","contentUrl":"https:\/\/multisenal.com\/wp-content\/uploads\/2025\/04\/barrera-anidable-700.webp","width":1200,"height":1200,"caption":"Barrera Anidable 700"},{"@type":"BreadcrumbList","@id":"https:\/\/multisenal.com\/en\/producto\/robust-700-nestable-barrier\/#breadcrumb","itemListElement":[{"@type":"ListItem","position":1,"name":"Inicio","item":"https:\/\/multisenal.com\/"},{"@type":"ListItem","position":2,"name":"Tienda","item":"https:\/\/multisenal.com\/tienda\/"},{"@type":"ListItem","position":3,"name":"Robust 700 Nestable Barrier"}]},{"@type":"WebSite","@id":"https:\/\/lightsteelblue-wasp-630432.hostingersite.com\/#website","url":"https:\/\/lightsteelblue-wasp-630432.hostingersite.com\/","name":"Multisenal","description":"Fabricante L\u00edder en Seguridad Vial","publisher":{"@id":"https:\/\/lightsteelblue-wasp-630432.hostingersite.com\/#organization"},"potentialAction":[{"@type":"SearchAction","target":{"@type":"EntryPoint","urlTemplate":"https:\/\/lightsteelblue-wasp-630432.hostingersite.com\/?s={search_term_string}"},"query-input":"required name=search_term_string"}],"inLanguage":"en-US"},{"@type":"Organization","@id":"https:\/\/lightsteelblue-wasp-630432.hostingersite.com\/#organization","name":"Multisenal","url":"https:\/\/lightsteelblue-wasp-630432.hostingersite.com\/","logo":{"@type":"ImageObject","inLanguage":"en-US","@id":"https:\/\/lightsteelblue-wasp-630432.hostingersite.com\/#\/schema\/logo\/image\/","url":"https:\/\/multisenal.com\/wp-content\/uploads\/2023\/10\/Logo-Multisenal-Blanco.webp","contentUrl":"https:\/\/multisenal.com\/wp-content\/uploads\/2023\/10\/Logo-Multisenal-Blanco.webp","width":1024,"height":293,"caption":"Multisenal"},"image":{"@id":"https:\/\/lightsteelblue-wasp-630432.hostingersite.com\/#\/schema\/logo\/image\/"},"sameAs":["https:\/\/www.facebook.com\/multisenal\/","https:\/\/twitter.com\/multisenal","https:\/\/www.instagram.com\/multisenalmx\/","https:\/\/www.youtube.com\/@multisenaloficial","https:\/\/www.linkedin.com\/company\/multisenalmexico\/"]}]}},"_links":{"self":[{"href":"https:\/\/multisenal.com\/en\/wp-json\/wp\/v2\/product\/36143","targetHints":{"allow":["GET"]}}],"collection":[{"href":"https:\/\/multisenal.com\/en\/wp-json\/wp\/v2\/product"}],"about":[{"href":"https:\/\/multisenal.com\/en\/wp-json\/wp\/v2\/types\/product"}],"replies":[{"embeddable":true,"href":"https:\/\/multisenal.com\/en\/wp-json\/wp\/v2\/comments?post=36143"}],"wp:featuredmedia":[{"embeddable":true,"href":"https:\/\/multisenal.com\/en\/wp-json\/wp\/v2\/media\/32831"}],"wp:attachment":[{"href":"https:\/\/multisenal.com\/en\/wp-json\/wp\/v2\/media?parent=36143"}],"wp:term":[{"taxonomy":"product_brand","embeddable":true,"href":"https:\/\/multisenal.com\/en\/wp-json\/wp\/v2\/product_brand?post=36143"},{"taxonomy":"product_cat","embeddable":true,"href":"https:\/\/multisenal.com\/en\/wp-json\/wp\/v2\/product_cat?post=36143"},{"taxonomy":"product_tag","embeddable":true,"href":"https:\/\/multisenal.com\/en\/wp-json\/wp\/v2\/product_tag?post=36143"}],"curies":[{"name":"wp","href":"https:\/\/api.w.org\/{rel}","templated":true}]}}